{"id":8839,"date":"2011-10-13T18:02:19","date_gmt":"2011-10-13T16:02:19","guid":{"rendered":"http:\/\/www.majdankrolewski.eu\/?page_id=8839"},"modified":"2024-08-15T20:07:53","modified_gmt":"2024-08-15T19:07:53","slug":"muzeum-ks-kard-adama-kozlowieckiego","status":"publish","type":"page","link":"https:\/\/www.majdankrolewski.eu\/index.php\/muzeum-ks-kard-adama-kozlowieckiego\/","title":{"rendered":"Muzeum Kard. A. Koz\u0142owieckiego"},"content":{"rendered":"<p><span style=\"color: #000000;\"><strong><span style=\"color: #ff9900;\"><img loading=\"lazy\" decoding=\"async\" class=\"alignright\" src=\"http:\/\/www.majdankrolewski.eu\/wp-content\/uploads\/2011\/09\/tablicamuzeum-1024x160.jpg\" alt=\"\" width=\"242\" height=\"46\" \/><\/span><\/strong><\/span><\/p>\n<p><span style=\"color: #000080;\"><strong>Z<\/strong><strong>apraszamy do zwiedzenia Muzeum Ks. Kardyna\u0142a Adama Koz\u0142owieckiego SJ w Hucie Komorowskiej, gdzie mo\u017cna obejrze\u0107 wystaw\u0119 czasow\u0105 o \u017cyciu i dzia\u0142alno\u015bci Ks. Kardyna\u0142a Adama Koz\u0142owieckiego SJ &#8211; aposto\u0142a Afryki, kt\u00f3ry \u201emia\u0142 serce bez granic\u201d.<br \/>\n<\/strong><\/span><\/p>\n<p align=\"center\"><strong><span style=\"color: #ffff00;\"><a href=\"http:\/\/www.majdankrolewski.eu\/pliki\/muzeumhuta.jpg\"><img loading=\"lazy\" decoding=\"async\" class=\"alignright\" src=\"http:\/\/www.majdankrolewski.eu\/pliki\/muzeumhuta.jpg\" alt=\"\" width=\"230\" height=\"173\" \/><\/a><span style=\"color: #ff0000;\">Muzeum Kardyna\u0142a Adama Koz\u0142owieckiego SJ<\/span><\/span><\/strong><\/p>\n<p align=\"center\"><span style=\"color: #008080;\"><strong>Otwarte od 8.00 &#8211; 16.00<br \/>\n<\/strong><strong>Dla zwiedzaj<\/strong><strong>\u0105cych od 10.00 &#8211; 16.00 <\/strong><\/span><\/p>\n<p><span style=\"color: #000080;\">W poniedzia\u0142ki muzeum nieczynne;<br \/>\nw \u015brody muzeum nieczynne dla zwiedzaj\u0105cych:<\/span><br \/>\n<span style=\"color: #ff0000;\"><strong>wtorki, czwartki, pi\u0105tki, soboty, niedziele<\/strong><\/span><\/p>\n<p><span style=\"color: #ccffff;\"><span style=\"color: #0000ff;\">Kontakt dla grup zorganizowanych i os\u00f3b indywidualnych:<\/span> <span style=\"text-decoration: underline;\"><a href=\"mailto:muzeum@cardinalekozlowiecki.pl\">muzeum@cardinalekozlowiecki.pl<\/a><br \/>\n<\/span><\/span><span style=\"color: #ff0000;\">\u00a0<\/span><strong><span style=\"color: #ff0000;\">tel. kom:\u00a0<\/span> +48 880 774 507, +48 889 884 775, +48 880 774 491<\/strong><\/p>\n<p>wi\u0119cej na stronie www.cardinalekozlowiecki.pl<br \/>\n<span style=\"color: #ffcc00;\"><strong><span style=\"text-decoration: underline;\">Wst\u0119p wolny<\/span><\/strong><\/span><\/p>\n<p><span style=\"color: #ccffff;\"><strong>.<\/strong><\/span><span style=\"color: #008000;\"><strong>Zobacz zdj\u0119cia z otwarcia Muzeum w dniu 25 wrze\u015bnia 2011 r. &lt;<a title=\"Zdj\u0119cia z otwarcia muzeum 502 zdj\u0119cia\" href=\"http:\/\/www.cardinalekozlowiecki.pl\/hutamuzeumf\/hutamuzeumf.html\" target=\"_blank\" rel=\"noopener\"><span style=\"color: #008000;\">kliknij<\/span><\/a>&gt;.<\/strong><\/span><\/p>\n","protected":false},"excerpt":{"rendered":"<p>Zapraszamy do zwiedzenia Muzeum Ks. Kardyna\u0142a Adama Koz\u0142owieckiego SJ w Hucie Komorowskiej, gdzie mo\u017cna obejrze\u0107 wystaw\u0119 czasow\u0105 o \u017cyciu i dzia\u0142alno\u015bci Ks. Kardyna\u0142a Adama Koz\u0142owieckiego SJ &#8211; aposto\u0142a Afryki, kt\u00f3ry \u201emia\u0142 serce bez granic\u201d. Muzeum Kardyna\u0142a Adama Koz\u0142owieckiego SJ Otwarte od 8.00 &#8211; 16.00 Dla zwiedzaj\u0105cych od 10.00 &#8211; 16.00 W poniedzia\u0142ki muzeum nieczynne; w [&hellip;]<\/p>\n","protected":false},"author":20,"featured_media":0,"parent":0,"menu_order":0,"comment_status":"open","ping_status":"open","template":"","meta":{"footnotes":""},"class_list":["post-8839","page","type-page","status-publish","hentry"],"_links":{"self":[{"href":"https:\/\/www.majdankrolewski.eu\/index.php\/wp-json\/wp\/v2\/pages\/8839","targetHints":{"allow":["GET"]}}],"collection":[{"href":"https:\/\/www.majdankrolewski.eu\/index.php\/wp-json\/wp\/v2\/pages"}],"about":[{"href":"https:\/\/www.majdankrolewski.eu\/index.php\/wp-json\/wp\/v2\/types\/page"}],"author":[{"embeddable":true,"href":"https:\/\/www.majdankrolewski.eu\/index.php\/wp-json\/wp\/v2\/users\/20"}],"replies":[{"embeddable":true,"href":"https:\/\/www.majdankrolewski.eu\/index.php\/wp-json\/wp\/v2\/comments?post=8839"}],"version-history":[{"count":7,"href":"https:\/\/www.majdankrolewski.eu\/index.php\/wp-json\/wp\/v2\/pages\/8839\/revisions"}],"predecessor-version":[{"id":15099,"href":"https:\/\/www.majdankrolewski.eu\/index.php\/wp-json\/wp\/v2\/pages\/8839\/revisions\/15099"}],"wp:attachment":[{"href":"https:\/\/www.majdankrolewski.eu\/index.php\/wp-json\/wp\/v2\/media?parent=8839"}],"curies":[{"name":"wp","href":"https:\/\/api.w.org\/{rel}","templated":true}]}}