{"id":709,"date":"2009-01-23T18:00:24","date_gmt":"2009-01-23T16:00:24","guid":{"rendered":"http:\/\/www.majdankrolewski.eu\/?page_id=709"},"modified":"2018-09-26T07:40:54","modified_gmt":"2018-09-26T06:40:54","slug":"hotele","status":"publish","type":"page","link":"https:\/\/www.majdankrolewski.eu\/index.php\/hotele\/","title":{"rendered":"Hotele \/ agroturystyka"},"content":{"rendered":"<p><strong>HOTELE:<\/strong><\/p>\n<p><strong>Hotel Szypowski<\/strong><br \/>\nul. Jasna 7<br \/>\n39-460 Nowa D\u0119ba,<br \/>\nRecepcja:<br \/>\ntel.\/fax 15 846 58 80<br \/>\ntel. kom. 500 017 543<\/p>\n<p>E-maile:<br \/>\nrezerwacja@hotelszypowski.pl<br \/>\nkontakt@hotelszypowski.pl<\/p>\n<p><a title=\"http:\/\/www.hotelszypowski.pl\" href=\"http:\/\/www.hotelszypowski.pl\">http:\/\/www.hotelszypowski.pl<\/a><br \/>\nRestauracja:<br \/>\ntel. kom. 519 180 726<\/p>\n<p><strong>Hotel Szypowski Strefa<\/strong><br \/>\nul. Szypowskiego 1<br \/>\n39-460 Nowa D\u0119ba,<br \/>\nRecepcja:<br \/>\ntel.\/fax 15 846 58 80<br \/>\ntel. kom. 500 017 543<\/p>\n<p>E-maile:<br \/>\nrezerwacja@hotelszypowski.pl<br \/>\nkontakt@hotelszypowski.pl<br \/>\nRestauracja:<br \/>\ntel. kom. 519 180 726<br \/>\n<a title=\"http:\/\/www.hotelszypowski.pl\" href=\"http:\/\/www.hotelszypowski.pl\">http:\/\/www.hotelszypowski.pl<\/a><\/p>\n<p><strong>Zajazd Le\u015bne K\u0105ty<\/strong><br \/>\nTarnowska Wola 225<br \/>\n39-460 Nowa D\u0119ba,<br \/>\nRecepcja:<br \/>\ntel.\u00a0\u00a0\u00a0 15 846 75 75<br \/>\nkom. 605 93 90 93<br \/>\nE-mail: zajazd2@tlen.pl<br \/>\n<a title=\"http:\/\/www.lesne-katy.pl\/pensjonat.html\" href=\"http:\/\/www.lesne-katy.pl\/pensjonat.html\">http:\/\/www.lesne-katy.pl\/pensjonat.html<\/a><\/p>\n<p><strong>Hotel Magnolia<\/strong><br \/>\nul. Sportowa 7<br \/>\n39-460 Nowa D\u0119ba,<br \/>\nRecepcja:<br \/>\ntel. kom. 605 430 889,<br \/>\n693 402 199<br \/>\nE-mail: info@magnoliahotel.pl<\/p>\n<p><strong>Hotel &#8222;Astoria&#8221;<\/strong> &#8211; Restauracja &#8211; po\u0142o\u017cony przy drodze krajowej nr 9,<br \/>\nKomor\u00f3w 310,<br \/>\n36-110 Majdan Kr\u00f3lewski,<br \/>\ntel. (15) 847 19 91<br \/>\nHotel posiada:<br \/>\n3 pokoje dwuosobowe,<br \/>\n1 &#8211; czteroosobowy i 2 apartamenty dwupokojowe &#8211; wyposa\u017cone w \u0142azienki<br \/>\nz natryskami, telefonem i TV satelitarn\u0105, sala bankietowa o pow. 100 m\u00b2,<br \/>\nsala konferencyjna dla 20 os\u00f3b i sala bilardowa.<br \/>\nparking strze\u017cony.<\/p>\n<p>&nbsp;<\/p>\n<p><strong>Agroturystyka<\/strong>:<br \/>\n<strong>Dobre Miejsce<\/strong><\/p>\n<p>Dobre Miejsce to niebanalne gospodarstwo agroturystyczne, kt\u00f3re zakorzeni\u0142o si\u0119 we wsi Alfred\u00f3wka.<br \/>\nJak pisz\u0105 o sobie:<br \/>\n&#8222;Jeste\u015bmy otwarci na ludzi i ich (nawet najbardziej szalone) pomys\u0142y. Chcemy zainspirowa\u0107 Was do wyjazdu na wie\u015b, ruszenia ze swoj\u0105 przygod\u0105, uczestniczenia w przedsi\u0119wzi\u0119ciach, warsztatach, treningach, szkoleniach, plenerach, wyprawach, kt\u00f3re realizujemy z przyjaci\u00f3\u0142mi.&#8221;<\/p>\n<p>Kontakt:<br \/>\nMarcin +48 660-824-805<br \/>\nAsia +48 507-042-996<br \/>\nkontakt@dobremiejsce.art.pl<br \/>\n<a title=\"http:\/\/www.dobremiejsce.art.pl\" href=\"http:\/\/www.dobremiejsce.art.pl\">http:\/\/www.dobremiejsce.art.pl<\/a><\/p>\n<p><strong>\u00a0<\/strong><\/p>\n<p><strong>Gospodarstwo Agroturystyczne<\/strong><br \/>\n<strong> &#8222;U Joli&#8221;<\/strong><br \/>\nJ\u00f3zefa Hopek<br \/>\nPor\u0119by Dymarskie 168, 36-105 Cmolas<br \/>\npow. Kolbuszowski,\u00a0 woj. Podkarpackie<br \/>\ntel. (17) 283 72 09,\u00a0 tel. kom. 601 632 495<br \/>\ne-mail: kontakt@u-joli.pl<br \/>\n<a title=\"http:\/\/www.u-joli.pl\" href=\"http:\/\/www.u-joli.pl\">www.u-joli.pl<\/a><\/p>\n<p>Domek do wy\u0142\u0105cznej dyspozycji go\u015bci (9 miejsc noclegowych) po\u0142o\u017cony w Por\u0119bach Dymarskich w pi\u0119knym malowniczym zak\u0105tku w odleg\u0142o\u015bci 5 km od miejscowo\u015bci Cmolas. Enklawa ciszy i spokoju jest gwarancj\u0105 dobrego wypoczynku. Gospodarze oferuj\u0105 ca\u0142odzienne wy\u017cywienie i potrawy regionalne. Doskona\u0142e miejsce dla mi\u0142o\u015bnik\u00f3w polowa\u0144, w\u0119dkowania (w\u0142asne stawy), zbierania bor\u00f3wek i grzybobrania. Bardzo dobre warunki do turystyki pieszej i kolarstwa. Doskona\u0142e miejsce dla wypoczynku i pracy tw\u00f3rczej.<\/p>\n<p>Gospodarstwo dysponuje:<br \/>\n1.\u00a0\u00a0\u00a0\u00a0\u00a0\u00a0 Budynkiem wolno-stoj\u0105cym dla go\u015bci w kt\u00f3rym znajduj\u0105 si\u0119 3 pokoje 2 i 3 osobowe (9 miejsc noclegowych).<br \/>\n2.\u00a0\u00a0\u00a0\u00a0\u00a0\u00a0 Dwie \u0142azienki.<br \/>\n3.\u00a0\u00a0\u00a0\u00a0\u00a0\u00a0 Mo\u017cliwo\u015b\u0107 przygotowania posi\u0142k\u00f3w we w\u0142asnym zakresie lub korzystania z posi\u0142k\u00f3w oferowanych przez gospodarzy<br \/>\n4.\u00a0\u00a0\u00a0\u00a0\u00a0\u00a0 Kuchnia do dyspozycji go\u015bci.<br \/>\n5.\u00a0\u00a0\u00a0\u00a0\u00a0\u00a0 Mo\u017cliwo\u015b\u0107 rozbicia namiot\u00f3w lub zaparkowanie przyczep campingowych.<br \/>\n6.\u00a0\u00a0\u00a0\u00a0\u00a0\u00a0 Mo\u017cliwo\u015b\u0107 skorzystania ze \u015brodka transportu gospodarzy.<\/p>\n<p>Osi\u0105gni\u0119cia:<br \/>\nZaj\u0119cie I miejsca w konkursie, Zielone Lato 2001 w kat. najlepsze gospodarstwo agro \u2013 eko \u2013 turystyczne. Boguchwa\u0142a czerwiec 2002 r.<br \/>\nI Nagroda Prezesa ARiMR Zielone Lato w Og\u00f3lnopolskim Konkursie na najlepsze gospodarstwo agro \u2013 eko \u2013 turystyczne.<br \/>\nGospodarstwo Agroturystyczne \u201ePOR\u0104BKA\u201d<br \/>\nDorota T\u0119cza<br \/>\nPor\u0119by Dymarskie 115, 36-105 Cmolas<br \/>\npow. Kolbuszowski, woj. Podkarpackie<br \/>\ntel. (17) 28 37 208\u00a0\u00a0 tel. kom.\u00a0 697 467 081<\/p>\n<p>&nbsp;<\/p>\n<p><strong>Gospodarstwo Agroturystyczne &#8211; AgroLipnica<\/strong><br \/>\nLipnica 373,\u00a0 36-123 Lipnica<br \/>\npow. Kolbuszowski, woj Podkarpackie<br \/>\n<a title=\"http:\/\/www.agrolipnica.pl\/\" href=\"http:\/\/www.agrolipnica.pl\/\">http:\/\/www.agrolipnica.pl\/<\/a><\/p>\n<p>&nbsp;<\/p>\n<p><strong>Gospodarstwo Agroturystyczne &#8222;POD LIP\u0104&#8221;<\/strong><br \/>\nHodowla Danieli<br \/>\nBarbara Jakubiec<br \/>\nNowa Wie\u015b 154,\u00a0 36-100 Kolbuszowa,<br \/>\npow. Kolbuszowski, woj Podkarpackie<br \/>\ntel. kom.\u00a0 609 478 787, 605 282 038<br \/>\ne- mail: staw@poczta.onet.pl<br \/>\n<strong> Gospodarstwo Agroturystyczne &#8222;PRZY GROBLI&#8221;<\/strong><br \/>\nBarbara i Marian Cudeccy<br \/>\nTrze\u015b\u0144 197, 36-147 Niwiska<br \/>\npow. Kolbuszowski, woj Podkarpackie<br \/>\ntel. (17) 227-93-55, tel. kom. 667580835<br \/>\n<a title=\"http:\/\/www.przygrobli.ugu.pl\" href=\"http:\/\/www.przygrobli.ugu.pl\">http:\/\/www.przygrobli.ugu.pl<\/a><br \/>\ne-mail: cudecka_b@interia.pl<\/p>\n","protected":false},"excerpt":{"rendered":"<p>HOTELE: Hotel Szypowski ul. Jasna 7 39-460 Nowa D\u0119ba, Recepcja: tel.\/fax 15 846 58 80 tel. kom. 500 017 543 E-maile: rezerwacja@hotelszypowski.pl kontakt@hotelszypowski.pl http:\/\/www.hotelszypowski.pl Restauracja: tel. kom. 519 180 726 Hotel Szypowski Strefa ul. Szypowskiego 1 39-460 Nowa D\u0119ba, Recepcja: tel.\/fax 15 846 58 80 tel. kom. 500 017 543 E-maile: rezerwacja@hotelszypowski.pl kontakt@hotelszypowski.pl Restauracja: tel. [&hellip;]<\/p>\n","protected":false},"author":1,"featured_media":0,"parent":0,"menu_order":0,"comment_status":"open","ping_status":"open","template":"","meta":{"footnotes":""},"class_list":["post-709","page","type-page","status-publish","hentry"],"_links":{"self":[{"href":"https:\/\/www.majdankrolewski.eu\/index.php\/wp-json\/wp\/v2\/pages\/709","targetHints":{"allow":["GET"]}}],"collection":[{"href":"https:\/\/www.majdankrolewski.eu\/index.php\/wp-json\/wp\/v2\/pages"}],"about":[{"href":"https:\/\/www.majdankrolewski.eu\/index.php\/wp-json\/wp\/v2\/types\/page"}],"author":[{"embeddable":true,"href":"https:\/\/www.majdankrolewski.eu\/index.php\/wp-json\/wp\/v2\/users\/1"}],"replies":[{"embeddable":true,"href":"https:\/\/www.majdankrolewski.eu\/index.php\/wp-json\/wp\/v2\/comments?post=709"}],"version-history":[{"count":9,"href":"https:\/\/www.majdankrolewski.eu\/index.php\/wp-json\/wp\/v2\/pages\/709\/revisions"}],"predecessor-version":[{"id":15013,"href":"https:\/\/www.majdankrolewski.eu\/index.php\/wp-json\/wp\/v2\/pages\/709\/revisions\/15013"}],"wp:attachment":[{"href":"https:\/\/www.majdankrolewski.eu\/index.php\/wp-json\/wp\/v2\/media?parent=709"}],"curies":[{"name":"wp","href":"https:\/\/api.w.org\/{rel}","templated":true}]}}