{"id":703,"date":"2009-01-23T17:50:25","date_gmt":"2009-01-23T15:50:25","guid":{"rendered":"http:\/\/www.majdankrolewski.eu\/?page_id=703"},"modified":"2010-08-20T19:45:15","modified_gmt":"2010-08-20T17:45:15","slug":"zdrowie","status":"publish","type":"page","link":"https:\/\/www.majdankrolewski.eu\/index.php\/zdrowie\/","title":{"rendered":"Zdrowie"},"content":{"rendered":"<p>Opiek\u0105 ludno\u015bci gminy w zakresie opieki zdrowotnej zajmuje si\u0119 Samodzielny Publiczny Zak\u0142ad Opieki Zdrowotnej   w Majdanie Kr\u00f3lewskim z fili\u0105<br \/>\nw Krz\u0105tce. \tSpecjalistyczn\u0105 opiek\u0119 zdrowotn\u0105 zapewniaj\u0105 przychodnie i szpitale<br \/>\nw Nowej D\u0119bie, Kolbuszowej, Mielcu,          Tarnobrzegu. R\u00f3wnie\u017c w tych miejscowo\u015bciach tak\u017ce  mieszka\u0144cy gminy  korzystaj\u0105 z us\u0142ug pogotowia ratunkowego.\u00a0<a href=\"http:\/\/www.majdankrolewki.za.pl\/material\/spoz.jpg\" target=\"_blank\"> <\/a><\/p>\n<p><em><strong>Samodzielny Publiczny O\u015brodek Zdrowia<br \/>\nw Majdanie Kr\u00f3lewskim<\/strong><\/em><br \/>\nul. Stra\u017cacka 4<br \/>\ntel. (015) 847-10-10<\/p>\n","protected":false},"excerpt":{"rendered":"<p>Opiek\u0105 ludno\u015bci gminy w zakresie opieki zdrowotnej zajmuje si\u0119 Samodzielny Publiczny Zak\u0142ad Opieki Zdrowotnej w Majdanie Kr\u00f3lewskim z fili\u0105 w Krz\u0105tce. Specjalistyczn\u0105 opiek\u0119 zdrowotn\u0105 zapewniaj\u0105 przychodnie i szpitale w Nowej D\u0119bie, Kolbuszowej, Mielcu, Tarnobrzegu. R\u00f3wnie\u017c w tych miejscowo\u015bciach tak\u017ce mieszka\u0144cy gminy korzystaj\u0105 z us\u0142ug pogotowia ratunkowego.\u00a0 Samodzielny Publiczny O\u015brodek Zdrowia w Majdanie Kr\u00f3lewskim ul. Stra\u017cacka [&hellip;]<\/p>\n","protected":false},"author":1,"featured_media":0,"parent":0,"menu_order":0,"comment_status":"open","ping_status":"open","template":"","meta":{"footnotes":""},"class_list":["post-703","page","type-page","status-publish","hentry"],"_links":{"self":[{"href":"https:\/\/www.majdankrolewski.eu\/index.php\/wp-json\/wp\/v2\/pages\/703","targetHints":{"allow":["GET"]}}],"collection":[{"href":"https:\/\/www.majdankrolewski.eu\/index.php\/wp-json\/wp\/v2\/pages"}],"about":[{"href":"https:\/\/www.majdankrolewski.eu\/index.php\/wp-json\/wp\/v2\/types\/page"}],"author":[{"embeddable":true,"href":"https:\/\/www.majdankrolewski.eu\/index.php\/wp-json\/wp\/v2\/users\/1"}],"replies":[{"embeddable":true,"href":"https:\/\/www.majdankrolewski.eu\/index.php\/wp-json\/wp\/v2\/comments?post=703"}],"version-history":[{"count":3,"href":"https:\/\/www.majdankrolewski.eu\/index.php\/wp-json\/wp\/v2\/pages\/703\/revisions"}],"predecessor-version":[{"id":705,"href":"https:\/\/www.majdankrolewski.eu\/index.php\/wp-json\/wp\/v2\/pages\/703\/revisions\/705"}],"wp:attachment":[{"href":"https:\/\/www.majdankrolewski.eu\/index.php\/wp-json\/wp\/v2\/media?parent=703"}],"curies":[{"name":"wp","href":"https:\/\/api.w.org\/{rel}","templated":true}]}}