{"id":6782,"date":"2010-12-12T12:16:08","date_gmt":"2010-12-12T11:16:08","guid":{"rendered":"http:\/\/www.majdankrolewski.eu\/?page_id=6782"},"modified":"2015-04-15T12:28:49","modified_gmt":"2015-04-15T11:28:49","slug":"rozklad_pks_pkp","status":"publish","type":"page","link":"https:\/\/www.majdankrolewski.eu\/index.php\/rozklad_pks_pkp\/","title":{"rendered":"Rozk\u0142ad jazdy: PKS, PKP, Prywatny"},"content":{"rendered":"<p style=\"text-align: center;\"><strong><span style=\"color: #ff0000;\"><strong>Rozk\u0142ad jazdy PKS i PKP oraz Liniowy Przew\u00f3z Prywatny<\/strong><\/span><\/strong><\/p>\n<p><img loading=\"lazy\" decoding=\"async\" class=\"aligncenter\" src=\"http:\/\/www.majdankrolewski.eu\/pliki\/przewozy_regionalne.jpg\" alt=\"\" width=\"135\" height=\"42\" \/><\/p>\n<p><strong style=\"color: #0000ff;\" title=\"Rozk\u0142ad jazdy z poszczeg\u00f3lnych stacji\"><span style=\"color: #ff0000;\">Plakaty szczeg\u00f3\u0142owe<\/span> ze stacji: \u00a0 <a title=\"Rozk\u0142ad jazdy z poszczeg\u00f3lnych stacji\" href=\"http:\/\/rozklad.plk-sa.pl\/\">&lt; pliki PDF &#8211; rozk\u0142ad jazdy z poszczeg\u00f3lnych stacji &#8211; kliknij by otworzy\u0107 wyszukiwark\u0119 na stronie PKP\u00a0 &gt;<\/a><\/strong><\/p>\n<p>Planujesz podr\u00f3\u017c poci\u0105giem? Znajd\u017a po\u0142\u0105czenie kolejowe w: <span style=\"color: #0000ff;\"><strong><a href=\"http:\/\/www.rozklad-pkp.pl\/bin\/query.exe\/pn?\"><span style=\"color: #0000ff;\">Wyszukiwarce po\u0142\u0105cze\u0144 kolejowych\u00a0<\/span><\/a><\/strong><\/span><\/p>\n<p>&nbsp;<\/p>\n<p>&nbsp;<\/p>\n<p><a href=\"http:\/\/www.marcel-bus.pl\" target=\"_blank\"><img loading=\"lazy\" decoding=\"async\" class=\"alignleft size-full wp-image-11356\" title=\"marcel_bus\" src=\"http:\/\/www.majdankrolewski.eu\/wp-content\/uploads\/2010\/12\/marcel_bus.jpg\" alt=\"\" width=\"163\" height=\"119\" \/><\/a><\/p>\n<p><a href=\"http:\/\/www.marcel-bus.pl\" target=\"_blank\">Liniowy Przew\u00f3z Prywatny Marcel<\/a><\/p>\n<p>&nbsp;<\/p>\n<p>&nbsp;<\/p>\n<p><a href=\"http:\/\/www.pks.tarnobrzeg.pl\"><img loading=\"lazy\" decoding=\"async\" class=\"alignnone\" style=\"width: 497px; height: 68px;\" src=\"http:\/\/www.majdankrolewski.eu\/pliki\/pks_tarnobrzeg.jpg\" alt=\"\" width=\"416\" height=\"68\" \/><\/a><\/p>\n<p><a href=\"http:\/\/www.pks.tarnobrzeg.pl\"><span style=\"color: #008000;\"><strong>www.pks.tarnobrzeg.pl<\/strong><\/span><\/a><\/p>\n<p>&nbsp;<\/p>\n","protected":false},"excerpt":{"rendered":"<p>Rozk\u0142ad jazdy PKS i PKP oraz Liniowy Przew\u00f3z Prywatny Plakaty szczeg\u00f3\u0142owe ze stacji: \u00a0 &lt; pliki PDF &#8211; rozk\u0142ad jazdy z poszczeg\u00f3lnych stacji &#8211; kliknij by otworzy\u0107 wyszukiwark\u0119 na stronie PKP\u00a0 &gt; Planujesz podr\u00f3\u017c poci\u0105giem? Znajd\u017a po\u0142\u0105czenie kolejowe w: Wyszukiwarce po\u0142\u0105cze\u0144 kolejowych\u00a0 &nbsp; &nbsp; Liniowy Przew\u00f3z Prywatny Marcel &nbsp; &nbsp; www.pks.tarnobrzeg.pl &nbsp;<\/p>\n","protected":false},"author":20,"featured_media":0,"parent":0,"menu_order":0,"comment_status":"open","ping_status":"open","template":"","meta":{"footnotes":""},"class_list":["post-6782","page","type-page","status-publish","hentry"],"_links":{"self":[{"href":"https:\/\/www.majdankrolewski.eu\/index.php\/wp-json\/wp\/v2\/pages\/6782","targetHints":{"allow":["GET"]}}],"collection":[{"href":"https:\/\/www.majdankrolewski.eu\/index.php\/wp-json\/wp\/v2\/pages"}],"about":[{"href":"https:\/\/www.majdankrolewski.eu\/index.php\/wp-json\/wp\/v2\/types\/page"}],"author":[{"embeddable":true,"href":"https:\/\/www.majdankrolewski.eu\/index.php\/wp-json\/wp\/v2\/users\/20"}],"replies":[{"embeddable":true,"href":"https:\/\/www.majdankrolewski.eu\/index.php\/wp-json\/wp\/v2\/comments?post=6782"}],"version-history":[{"count":57,"href":"https:\/\/www.majdankrolewski.eu\/index.php\/wp-json\/wp\/v2\/pages\/6782\/revisions"}],"predecessor-version":[{"id":15012,"href":"https:\/\/www.majdankrolewski.eu\/index.php\/wp-json\/wp\/v2\/pages\/6782\/revisions\/15012"}],"wp:attachment":[{"href":"https:\/\/www.majdankrolewski.eu\/index.php\/wp-json\/wp\/v2\/media?parent=6782"}],"curies":[{"name":"wp","href":"https:\/\/api.w.org\/{rel}","templated":true}]}}