{"id":599,"date":"2009-01-15T19:33:54","date_gmt":"2009-01-15T17:33:54","guid":{"rendered":"http:\/\/www.majdankrolewski.eu\/?page_id=599"},"modified":"2011-10-30T13:39:41","modified_gmt":"2011-10-30T11:39:41","slug":"mapa-majdanu-krolewskiego-z-ulicami","status":"publish","type":"page","link":"https:\/\/www.majdankrolewski.eu\/index.php\/mapa-majdanu-krolewskiego-z-ulicami\/","title":{"rendered":"Mapa MK z ulicami"},"content":{"rendered":"<p style=\"text-align: center;\"><a title=\"http:\/\/www.viamichelin.pl\/web\/Cartes?layers=0001&amp;strLocid=31NDQxNGwxMGNOVEF1TXpjNE1RPT1jTWpFdU56UTFOelE9\" href=\"http:\/\/www.viamichelin.pl\/web\/Cartes?layers=0001&amp;strLocid=31NDQxNGwxMGNOVEF1TXpjNE1RPT1jTWpFdU56UTFOelE9\"><img loading=\"lazy\" decoding=\"async\" class=\"aligncenter size-full wp-image-8999\" title=\"viamichelin\" src=\"http:\/\/www.majdankrolewski.eu\/wp-content\/uploads\/2009\/01\/viamichelin.jpg\" alt=\"\" width=\"237\" height=\"112\" \/><\/a><\/p>\n<p style=\"text-align: center;\"><a href=\"http:\/\/www.viamichelin.pl\/web\/Cartes?layers=0001&amp;strLocid=31NDQxNGwxMGNOVEF1TXpjNE1RPT1jTWpFdU56UTFOelE9\">portal www.viamichelin.com <\/a><\/p>\n<p style=\"text-align: center;\"><a href=\"http:\/\/www.viamichelin.pl\/web\/Cartes?layers=0001&amp;strLocid=31NDQxNGwxMGNOVEF1TXpjNE1RPT1jTWpFdU56UTFOelE9\">jako jedyny p\u00f3ki co umie\u015bci\u0142 interaktywn\u0105 map\u0119 z nazwami ulic\u00a0 w Majdanie Kr\u00f3lewskim <\/a><\/p>\n<p style=\"text-align: center;\"><a href=\"http:\/\/www.viamichelin.pl\/web\/Cartes?layers=0001&amp;strLocid=31NDQxNGwxMGNOVEF1TXpjNE1RPT1jTWpFdU56UTFOelE9\">( prosz\u0119 klikn\u0105\u0107 w mapk\u0119 lub napis by sprawdzi\u0107) <\/a><\/p>\n","protected":false},"excerpt":{"rendered":"<p>portal www.viamichelin.com jako jedyny p\u00f3ki co umie\u015bci\u0142 interaktywn\u0105 map\u0119 z nazwami ulic\u00a0 w Majdanie Kr\u00f3lewskim ( prosz\u0119 klikn\u0105\u0107 w mapk\u0119 lub napis by sprawdzi\u0107)<\/p>\n","protected":false},"author":1,"featured_media":0,"parent":0,"menu_order":0,"comment_status":"open","ping_status":"open","template":"","meta":{"footnotes":""},"class_list":["post-599","page","type-page","status-publish","hentry"],"_links":{"self":[{"href":"https:\/\/www.majdankrolewski.eu\/index.php\/wp-json\/wp\/v2\/pages\/599","targetHints":{"allow":["GET"]}}],"collection":[{"href":"https:\/\/www.majdankrolewski.eu\/index.php\/wp-json\/wp\/v2\/pages"}],"about":[{"href":"https:\/\/www.majdankrolewski.eu\/index.php\/wp-json\/wp\/v2\/types\/page"}],"author":[{"embeddable":true,"href":"https:\/\/www.majdankrolewski.eu\/index.php\/wp-json\/wp\/v2\/users\/1"}],"replies":[{"embeddable":true,"href":"https:\/\/www.majdankrolewski.eu\/index.php\/wp-json\/wp\/v2\/comments?post=599"}],"version-history":[{"count":9,"href":"https:\/\/www.majdankrolewski.eu\/index.php\/wp-json\/wp\/v2\/pages\/599\/revisions"}],"predecessor-version":[{"id":9003,"href":"https:\/\/www.majdankrolewski.eu\/index.php\/wp-json\/wp\/v2\/pages\/599\/revisions\/9003"}],"wp:attachment":[{"href":"https:\/\/www.majdankrolewski.eu\/index.php\/wp-json\/wp\/v2\/media?parent=599"}],"curies":[{"name":"wp","href":"https:\/\/api.w.org\/{rel}","templated":true}]}}