{"id":4683,"date":"2010-05-05T20:39:53","date_gmt":"2010-05-05T19:39:53","guid":{"rendered":"http:\/\/www.majdankrolewski.eu\/?page_id=4683"},"modified":"2018-09-25T16:46:42","modified_gmt":"2018-09-25T15:46:42","slug":"reklama","status":"publish","type":"page","link":"https:\/\/www.majdankrolewski.eu\/index.php\/reklama\/","title":{"rendered":"Reklama \/ og\u0142oszenia"},"content":{"rendered":"<p>&nbsp;<\/p>\n<p>Czekamy na maile z tre\u015bciami og\u0142osze\u0144<\/p>\n<p><a href=\"mailto:portal@majdankrolewski.eu\">portal@majdankrolewski.eu \u2013 Kliknij by wys\u0142a\u0107 poczt\u0119<\/a><\/p>\n<div>\n<h3><span style=\"color: #0000ff;\"><strong><span style=\"color: #ff0000;\">PPHU Henryk  Kami\u0144ski <\/span><\/strong><\/span><\/h3>\n<h3><span style=\"color: #0000ff;\"><strong><span style=\"color: #ff0000;\">Firma Us\u0142ugowa<\/span> <span style=\"color: #ff0000;\">Us\u0142ugi Hydrauliczne<\/span><\/strong><\/span><strong><br \/>\n<\/strong>Majdan Kr\u00f3lewski ul. Rani\u017cowska 25,<br \/>\ntel. 015 8471579 tel. kom.: 0604 62 52 10<\/h3>\n<p><strong>&#8212;&#8212;&#8212;&#8212;&#8212;&#8212;&#8212;&#8212;&#8212;&#8212;&#8212;&#8212;&#8212;&#8212;&#8212;&#8212;&#8212;&#8212;&#8212;&#8212;&#8212;&#8212;&#8212;&#8212;&#8212;&#8212;&#8212;&#8212;&#8212;&#8212;<br \/>\n<\/strong><\/div>\n<p><strong> <\/strong><\/p>\n<p><strong> <\/strong><\/p>\n<p><span style=\"color: #ff0000;\"><strong>AUTO  ZYGZAK &#8211; u\u017cywane cz\u0119\u015bci samochodowe do wszystkich marek.<\/strong><\/span><br \/>\nOferujemy u\u017cywane cz\u0119\u015bci do wszystkich marek samochod\u00f3w, w naszej  ofercie znajdziecie Pa\u0144stwo:<\/p>\n<p>* silniki<br \/>\n* skrzynie bieg\u00f3w<br \/>\n* blachark\u0119<br \/>\n* mechanik\u0119<br \/>\n* zawieszenia<br \/>\n* elektryk\u0119<br \/>\n* tapicerki<br \/>\n* klimatyzacje<br \/>\n* szyby<br \/>\n* felgi<br \/>\n* opony<\/p>\n<p>Zapraszamy si\u0119 do zapoznania z nasz\u0105 ofert\u0105 oraz zakup\u00f3w.<br \/>\nAdres: Majdan Kr\u00f3lewski (ko\u0142o Ko\u015bcio\u0142a)<\/p>\n<p><a title=\"http:\/\/autozygzak.pl\" href=\"http:\/\/www.autozygzak.pl\" target=\"_blank\">http:\/\/www.zygzak.pl<\/a><\/p>\n<p>Telefon: 791716202, 791486571<\/p>\n<p><strong>&#8212;&#8212;&#8212;&#8212;&#8212;&#8212;&#8212;&#8212;&#8212;&#8212;&#8212;&#8212;&#8212;&#8212;&#8212;&#8212;&#8212;&#8212;&#8212;&#8212;&#8212;&#8212;&#8212;&#8212;&#8212;&#8212;&#8212;&#8212;&#8212;&#8212;<\/strong><\/p>\n<p><span style=\"font-family: verdana; color: black; font-size: medium;\"><strong><span style=\"color: #ff0000;\">Kompleksowe  Utrzymanie Czystosci &#8222;DORA&#8221;<\/span><\/strong><br \/>\n<span style=\"font-family: verdana; color: black; font-size: x-small;\">ul.  Kosciuszki 21 36-110 Majdan Kr\u00f3lewski<br \/>\nTel.\/fax. (015) 847 17 17<\/span><\/span><\/p>\n<p><strong>Nasza oferta:<\/strong><\/p>\n<p>1. Utrzymanie w czystosci posadzek ciagow komunikacyjnych.<br \/>\n2. Utrzymanie w czystosci pomieszczen sanitarnych.<br \/>\n3. Utrzymanie w czystosci pomieszczen biurowych.<br \/>\n4. Utrzymanie w czystosci pomieszczen socjalnych.<br \/>\n5. Utrzymanie w czystosci pomieszczen hotelowych.<br \/>\n6. Utrzymanie w czystosci pomieszczen pzoostalych.<br \/>\n7. Uzupelnianie srodkow higienicznych i zapachowych w sanitariatach.<br \/>\n8. Mycie okien, bez potrzeby pracy na wysokosci.<\/p>\n<p><a title=\"http:\/\/www.kucdora.neostrada.pl\" href=\"http:\/\/www.kucdora.neostrada.pl\" target=\"_blank\">http:\/\/www.kucdora.neostrada.pl<\/a><\/p>\n<h2><\/h2>\n<h2><span style=\"color: #ff0000;\"><b>Sprzedam<\/b><\/span><\/h2>\n<p><b>park\u0119 kanark\u00f3w samca i samiczk\u0119. Kanarki s\u0105 m\u0142ode (tegoroczne) zdrowe i zadbane<br \/>\nz prywatnej hodowli. Odbi\u00f3r osobisty na terenie Nowej D\u0119by cena 130z\u0142 , email <a href=\"mailto:lisek168@onet.eu\">lisek168@onet.eu<\/a> Zdj\u0119cia<br \/>\nznajduj\u0105 si\u0119 pod poni\u017cszym linkiem  <\/b><a href=\"http:\/\/chomikuj.pl\/lisek117\/kanarki\">http:\/\/chomikuj.pl\/lisek117\/kanarki<\/a><br \/>\n<strong>&#8212;&#8212;&#8212;&#8212;&#8212;&#8212;&#8212;&#8212;&#8212;&#8212;&#8212;&#8212;&#8212;&#8212;&#8212;&#8212;&#8212;&#8212;&#8212;&#8212;&#8212;&#8212;&#8212;&#8212;&#8212;&#8212;&#8212;&#8212;&#8212;&#8212;<\/strong><br \/>\n&nbsp;<\/p>\n<p>&nbsp;<\/p>\n<h2><span style=\"color: #0000ff;\"><strong>Wynajm\u0119 du\u017cy namiot na r\u00f3\u017cne imprezy okoliczno\u015bciowe. <\/strong><\/span><\/h2>\n<h2><span style=\"color: #0000ff;\"><strong>Wraz z namiotem istnieje mo\u017cliwo\u015b\u0107 wynaj\u0119cia sto\u0142\u00f3w i \u0142awek. <\/strong><\/span><\/h2>\n<h2><span style=\"color: #ff0000;\"><strong>Tel. 695-055-755<\/strong><\/span><\/h2>\n<p>&#8211;<strong>&#8212;&#8212;&#8212;&#8212;&#8212;&#8212;&#8212;&#8212;&#8212;&#8212;&#8212;&#8212;&#8212;&#8212;&#8212;&#8212;&#8212;&#8212;&#8212;&#8212;&#8212;&#8212;&#8212;&#8212;&#8212;&#8212;&#8212;&#8212;&#8212;&#8212;<\/strong><\/p>\n<p><a href=\"http:\/\/www.majdankrolewski.eu\/pliki\/as-komorow_baner_2_x_1_m_v31.jpg\"><img loading=\"lazy\" decoding=\"async\" class=\"alignnone\" src=\"http:\/\/www.majdankrolewski.eu\/pliki\/as-komorow_baner_2_x_1_m_v31.jpg\" alt=\"\" width=\"473\" height=\"228\" \/><\/a><\/p>\n<p><strong>&#8212;&#8212;&#8212;&#8212;&#8212;&#8212;&#8212;&#8212;&#8212;&#8212;&#8212;&#8212;&#8212;&#8212;&#8212;&#8212;&#8212;&#8212;&#8212;&#8212;&#8212;&#8212;&#8212;&#8212;&#8212;&#8212;&#8212;&#8212;&#8212;&#8212;<\/strong><\/p>\n<p><span style=\"font-family: Arial; font-size: x-small;\">&#8222;KUPI\u0118 DOM W MAJDANIE KR\u00d3LEWSKIM LUB W OKOLICY. KONTAKT POD NR TEL.: 604 093 684&#8221;<\/span><\/p>\n<p><span style=\"font-family: Arial; font-size: x-small;\">&#8212;&#8212;&#8212;&#8212;&#8212;&#8212;&#8212;&#8212;&#8212;&#8212;&#8212;&#8212;&#8212;&#8212;&#8212;&#8212;&#8212;&#8212;&#8212;&#8212;&#8212;&#8212;&#8212;&#8212;&#8212;&#8212;&#8212;&#8212;&#8212;&#8212;&#8212;&#8212;&#8212;&#8212;&#8212;&#8212;&#8212;&#8212;&#8212;&#8212;&#8212;&#8212;&#8212;&#8212;&#8212;&#8212;&#8212;&#8212;&#8212;&#8212;&#8212;&#8211;<\/span><\/p>\n<p><span style=\"font-family: Arial; font-size: x-small;\">Wykonuj\u0119 \u015bwiadectwa charakterystyki energetycznej budynku (dokument niezb\u0119dny do zako\u0144czenia budowy lub rozbudowy). Tanio i szybko. Tel 692 581 154<\/span><\/p>\n<div><span style=\"font-family: Arial; font-size: x-small;\">&#8212;&#8212;&#8212;&#8212;&#8212;&#8212;&#8212;&#8212;&#8212;&#8212;&#8212;&#8212;&#8212;&#8212;&#8212;&#8212;&#8212;&#8212;&#8212;&#8212;&#8212;&#8212;&#8212;&#8212;&#8212;&#8212;&#8212;&#8212;&#8212;&#8212;&#8212;&#8212;&#8212;&#8212;&#8212;&#8212;&#8212;&#8212;&#8212;&#8212;&#8212;&#8212;&#8212;&#8212;&#8212;&#8212;&#8212;&#8212;&#8212;&#8212;&#8212;&#8211;<\/span><\/div>\n<p><a href=\"http:\/\/www.majdankrolewski.eu\/pliki\/biurokomorow.jpg\"><img loading=\"lazy\" decoding=\"async\" class=\"alignnone\" src=\"http:\/\/www.majdankrolewski.eu\/pliki\/biurokomorow.jpg\" alt=\"\" width=\"473\" height=\"228\" \/><\/a><\/p>\n<div>\n<table border=\"0\" width=\"91%\" cellspacing=\"0\" cellpadding=\"0\">\n<tbody>\n<tr>\n<td valign=\"top\" width=\"100%\">\n<p align=\"center\"><span style=\"color: #008000;\"><strong>DORADCA UBEZPIECZENIOWY<\/strong><\/span><\/p>\n<\/td>\n<\/tr>\n<tr>\n<td valign=\"top\" width=\"100%\"><strong><span style=\"text-decoration: underline;\">OPIS WYKONYWANEJ PRACY:<\/span><\/strong><\/p>\n<ul>\n<li>sprzeda\u017c produkt\u00f3w ubezpieczeniowych<\/li>\n<li>aktywne pozyskiwanie nowych klient\u00f3w<\/li>\n<li>budowanie i podtrzymywanie d\u0142ugotrwa\u0142ych relacji z klientami<\/li>\n<\/ul>\n<p>&nbsp;<\/p>\n<p><strong><span style=\"text-decoration: underline;\">WYMAGANIA:<\/span><\/strong><\/p>\n<ul>\n<li>min. \u015brednie wykszta\u0142cenie<\/li>\n<li>za\u015bwiadczenie o niekaralno\u015bci<\/li>\n<li>umiej\u0119tno\u015b\u0107 organizacji czasu pracy<\/li>\n<li>kreatywno\u015b\u0107<\/li>\n<li>\u0142atwo\u015b\u0107 w nawi\u0105zywaniu kontakt\u00f3w z lud\u017ami<\/li>\n<li>samodzielno\u015b\u0107 w osi\u0105ganiu wytyczonych cel\u00f3w<\/li>\n<li>aktywno\u015b\u0107 i zaanga\u017cowanie w dzia\u0142ania sprzeda\u017cowe<\/li>\n<\/ul>\n<p><strong><span style=\"text-decoration: underline;\">KANDYDATOM OFERUJEMY:<\/span><\/strong><\/p>\n<ul>\n<li>jasno okre\u015blon\u0105 \u015bcie\u017ck\u0119 kariery<\/li>\n<li>pakiet profesjonalnych szkole\u0144 produktowych i sprzeda\u017cowych<\/li>\n<li>prac\u0119 w renomowanej i stabilnej firmie<\/li>\n<li>bardzo atrakcyjny system prowizji i premii<\/li>\n<li>dodatkowe wsparcie finansowe w okresie pierwszych 18 m-cy wsp\u00f3\u0142pracy<\/li>\n<\/ul>\n<p><strong><span style=\"text-decoration: underline;\">INFORMACJE DODATKOWE:<\/span><\/strong><\/p>\n<ul>\n<li>Kandydat\u00f3w zapraszamy do przesy\u0142ania aplikacji zawieraj\u0105cych CV (ze zdj\u0119ciem) na adres mailowy: iwonazieba@pzu.pl<\/li>\n<li>Praca na terenie powiatu kolbuszowskiego.<\/li>\n<\/ul>\n<p>&nbsp;<\/td>\n<\/tr>\n<\/tbody>\n<\/table>\n<\/div>\n<hr \/>\n<p>&nbsp;<\/p>\n<p><a href=\"http:\/\/www.majdankrolewski.eu\/wp-content\/uploads\/2009\/08\/uslugi-informatyczne-serwis-komputerowy-naprawa-telefonow-serwis-gsm-wymiana-wyswietlaczy-strony-www-sudistudio-com.jpg\"><img loading=\"lazy\" decoding=\"async\" class=\"aligncenter size-medium wp-image-14611\" src=\"http:\/\/www.majdankrolewski.eu\/wp-content\/uploads\/2009\/08\/uslugi-informatyczne-serwis-komputerowy-naprawa-telefonow-serwis-gsm-wymiana-wyswietlaczy-strony-www-sudistudio-com-450x188.jpg\" alt=\"\" width=\"450\" height=\"188\" srcset=\"https:\/\/www.majdankrolewski.eu\/wp-content\/uploads\/2009\/08\/uslugi-informatyczne-serwis-komputerowy-naprawa-telefonow-serwis-gsm-wymiana-wyswietlaczy-strony-www-sudistudio-com-450x188.jpg 450w, https:\/\/www.majdankrolewski.eu\/wp-content\/uploads\/2009\/08\/uslugi-informatyczne-serwis-komputerowy-naprawa-telefonow-serwis-gsm-wymiana-wyswietlaczy-strony-www-sudistudio-com-768x320.jpg 768w, https:\/\/www.majdankrolewski.eu\/wp-content\/uploads\/2009\/08\/uslugi-informatyczne-serwis-komputerowy-naprawa-telefonow-serwis-gsm-wymiana-wyswietlaczy-strony-www-sudistudio-com-1024x427.jpg 1024w, https:\/\/www.majdankrolewski.eu\/wp-content\/uploads\/2009\/08\/uslugi-informatyczne-serwis-komputerowy-naprawa-telefonow-serwis-gsm-wymiana-wyswietlaczy-strony-www-sudistudio-com.jpg 1200w\" sizes=\"auto, (max-width: 450px) 100vw, 450px\" \/><\/a> <a href=\"http:\/\/www.majdankrolewski.eu\/wp-content\/uploads\/2009\/08\/uslugi-informatyczne-serwis-komputerowy-naprawa-telefonow-serwis-gsm-wymiana-wyswietlaczy-strony-www-sudistudio-com.png\"><img loading=\"lazy\" decoding=\"async\" class=\"aligncenter size-medium wp-image-14612\" src=\"http:\/\/www.majdankrolewski.eu\/wp-content\/uploads\/2009\/08\/uslugi-informatyczne-serwis-komputerowy-naprawa-telefonow-serwis-gsm-wymiana-wyswietlaczy-strony-www-sudistudio-com-450x344.png\" alt=\"\" width=\"450\" height=\"344\" srcset=\"https:\/\/www.majdankrolewski.eu\/wp-content\/uploads\/2009\/08\/uslugi-informatyczne-serwis-komputerowy-naprawa-telefonow-serwis-gsm-wymiana-wyswietlaczy-strony-www-sudistudio-com-450x344.png 450w, https:\/\/www.majdankrolewski.eu\/wp-content\/uploads\/2009\/08\/uslugi-informatyczne-serwis-komputerowy-naprawa-telefonow-serwis-gsm-wymiana-wyswietlaczy-strony-www-sudistudio-com.png 499w\" sizes=\"auto, (max-width: 450px) 100vw, 450px\" \/><\/a><\/p>\n","protected":false},"excerpt":{"rendered":"<p>&nbsp; Czekamy na maile z tre\u015bciami og\u0142osze\u0144 portal@majdankrolewski.eu \u2013 Kliknij by wys\u0142a\u0107 poczt\u0119 PPHU Henryk Kami\u0144ski Firma Us\u0142ugowa Us\u0142ugi Hydrauliczne Majdan Kr\u00f3lewski ul. Rani\u017cowska 25, tel. 015 8471579 tel. kom.: 0604 62 52 10 &#8212;&#8212;&#8212;&#8212;&#8212;&#8212;&#8212;&#8212;&#8212;&#8212;&#8212;&#8212;&#8212;&#8212;&#8212;&#8212;&#8212;&#8212;&#8212;&#8212;&#8212;&#8212;&#8212;&#8212;&#8212;&#8212;&#8212;&#8212;&#8212;&#8212; AUTO ZYGZAK &#8211; u\u017cywane cz\u0119\u015bci samochodowe do wszystkich marek. Oferujemy u\u017cywane cz\u0119\u015bci do wszystkich marek samochod\u00f3w, w naszej ofercie znajdziecie [&hellip;]<\/p>\n","protected":false},"author":1,"featured_media":0,"parent":0,"menu_order":0,"comment_status":"open","ping_status":"open","template":"","meta":{"footnotes":""},"class_list":["post-4683","page","type-page","status-publish","hentry"],"_links":{"self":[{"href":"https:\/\/www.majdankrolewski.eu\/index.php\/wp-json\/wp\/v2\/pages\/4683","targetHints":{"allow":["GET"]}}],"collection":[{"href":"https:\/\/www.majdankrolewski.eu\/index.php\/wp-json\/wp\/v2\/pages"}],"about":[{"href":"https:\/\/www.majdankrolewski.eu\/index.php\/wp-json\/wp\/v2\/types\/page"}],"author":[{"embeddable":true,"href":"https:\/\/www.majdankrolewski.eu\/index.php\/wp-json\/wp\/v2\/users\/1"}],"replies":[{"embeddable":true,"href":"https:\/\/www.majdankrolewski.eu\/index.php\/wp-json\/wp\/v2\/comments?post=4683"}],"version-history":[{"count":7,"href":"https:\/\/www.majdankrolewski.eu\/index.php\/wp-json\/wp\/v2\/pages\/4683\/revisions"}],"predecessor-version":[{"id":14999,"href":"https:\/\/www.majdankrolewski.eu\/index.php\/wp-json\/wp\/v2\/pages\/4683\/revisions\/14999"}],"wp:attachment":[{"href":"https:\/\/www.majdankrolewski.eu\/index.php\/wp-json\/wp\/v2\/media?parent=4683"}],"curies":[{"name":"wp","href":"https:\/\/api.w.org\/{rel}","templated":true}]}}