{"id":3730,"date":"2010-01-11T13:07:39","date_gmt":"2010-01-11T11:07:39","guid":{"rendered":"http:\/\/www.majdankrolewski.eu\/?page_id=3730"},"modified":"2010-08-20T19:44:59","modified_gmt":"2010-08-20T17:44:59","slug":"wazne-telefony","status":"publish","type":"page","link":"https:\/\/www.majdankrolewski.eu\/index.php\/wazne-telefony\/","title":{"rendered":"Wa\u017cne telefony"},"content":{"rendered":"<p>Urz\u0105d gminy  Sekretariat: (0-15) 847 10 73 lub (0-15) 847 10 74 fax (0-15) 847 18 90<br \/>\nGodziny pracy Urz\u0119du:  poniedzia\u0142ek &#8211; pi\u0105tek 7:00 &#8211; 15:00, wtorek 8:00 &#8211; 16:00<\/p>\n<p>APTEKA \u201cAspapol\u201d Sp. z o.o.tel. 015 847 13 07<\/p>\n<p>Bank Sp\u00f3\u0142dzielczy w Kolbuszowej Oddzia\u0142 tel. 015 847 10 06<\/p>\n<p>Fundacja im. ks. Kardyna\u0142a Adama Koz\u0142owieckiego \u201cSerce Bez Granic\u201d tel. 0 604 656 824<\/p>\n<p>Gminna Biblioteka Publiczna tel. 015 847 10 83<\/p>\n<p>Gminny O\u015brodek Kultury  tel. 015 847 10 83<\/p>\n<p>Gminny Samodzielny Publiczny Zak\u0142ad Opieki Zdrowotnej tel. 015 847 10 10<\/p>\n<p>Kubi\u015b Jan Stacja Benzynowa tel. 015 847 10 36<\/p>\n<p>Miszta Krystyna Apteka tel. 015 847 10 49<\/p>\n<p>O\u015brodek Pomocy Spo\u0142ecznej tel. 015 847 10 46<\/p>\n<p>Restauracja \/ Hotel MARZENIE  tel. 015 847 15 80<\/p>\n<p>\u201cPoczta Polska\u201d Urz\u0105d Pocztowy  tel. 015 847 13 16<\/p>\n<p>POSTERUNEK POLICJI W MAJDANIE KR\u00d3LEWSKIM tel. 0 prefiks 17 2275 372<\/p>\n","protected":false},"excerpt":{"rendered":"<p>Urz\u0105d gminy Sekretariat: (0-15) 847 10 73 lub (0-15) 847 10 74 fax (0-15) 847 18 90 Godziny pracy Urz\u0119du: poniedzia\u0142ek &#8211; pi\u0105tek 7:00 &#8211; 15:00, wtorek 8:00 &#8211; 16:00 APTEKA \u201cAspapol\u201d Sp. z o.o.tel. 015 847 13 07 Bank Sp\u00f3\u0142dzielczy w Kolbuszowej Oddzia\u0142 tel. 015 847 10 06 Fundacja im. ks. Kardyna\u0142a Adama Koz\u0142owieckiego [&hellip;]<\/p>\n","protected":false},"author":1,"featured_media":0,"parent":0,"menu_order":0,"comment_status":"open","ping_status":"open","template":"","meta":{"footnotes":""},"class_list":["post-3730","page","type-page","status-publish","hentry"],"_links":{"self":[{"href":"https:\/\/www.majdankrolewski.eu\/index.php\/wp-json\/wp\/v2\/pages\/3730","targetHints":{"allow":["GET"]}}],"collection":[{"href":"https:\/\/www.majdankrolewski.eu\/index.php\/wp-json\/wp\/v2\/pages"}],"about":[{"href":"https:\/\/www.majdankrolewski.eu\/index.php\/wp-json\/wp\/v2\/types\/page"}],"author":[{"embeddable":true,"href":"https:\/\/www.majdankrolewski.eu\/index.php\/wp-json\/wp\/v2\/users\/1"}],"replies":[{"embeddable":true,"href":"https:\/\/www.majdankrolewski.eu\/index.php\/wp-json\/wp\/v2\/comments?post=3730"}],"version-history":[{"count":3,"href":"https:\/\/www.majdankrolewski.eu\/index.php\/wp-json\/wp\/v2\/pages\/3730\/revisions"}],"predecessor-version":[{"id":5788,"href":"https:\/\/www.majdankrolewski.eu\/index.php\/wp-json\/wp\/v2\/pages\/3730\/revisions\/5788"}],"wp:attachment":[{"href":"https:\/\/www.majdankrolewski.eu\/index.php\/wp-json\/wp\/v2\/media?parent=3730"}],"curies":[{"name":"wp","href":"https:\/\/api.w.org\/{rel}","templated":true}]}}