{"id":15026,"date":"2018-09-28T14:14:11","date_gmt":"2018-09-28T13:14:11","guid":{"rendered":"http:\/\/www.majdankrolewski.eu\/?page_id=15026"},"modified":"2024-08-12T14:40:12","modified_gmt":"2024-08-12T13:40:12","slug":"ochotnicze-straze-pozarne-w-gminie-majdan-krolewski","status":"publish","type":"page","link":"https:\/\/www.majdankrolewski.eu\/index.php\/ochotnicze-straze-pozarne-w-gminie-majdan-krolewski\/","title":{"rendered":"OSP w gminie"},"content":{"rendered":"<p><span style=\"color: #ff0000;\"><b>OSP Majdan Kr\u00f3lewski<\/b>\u00a0&#8211;\u00a0<b>(W KSRG)<\/b><\/span><\/p>\n<table class=\"danePodmiotu\" cellspacing=\"5\">\n<tbody>\n<tr>\n<td width=\"150\">Nazwa<\/td>\n<td class=\"big\" colspan=\"3\">OCHOTNICZA STRA\u017b PO\u017bARNA W MAJDANIE KR\u00d3LEWSKIM<\/td>\n<\/tr>\n<tr>\n<td>Rejestr<\/td>\n<td class=\"big\" width=\"170\">Rejestr Stowarzysze\u0144<\/td>\n<td width=\"150\">Wojew\u00f3dztwo<\/td>\n<td class=\"big\" width=\"150\">PODKARPACKIE<\/td>\n<\/tr>\n<tr>\n<td>Numer KRS<\/td>\n<td class=\"big\">0000045550<\/td>\n<td>Powiat<\/td>\n<td class=\"big\">KOLBUSZOWSKI<\/td>\n<\/tr>\n<tr>\n<td>NIP<\/td>\n<td class=\"big\">8141611081<\/td>\n<td>Gmina<\/td>\n<td class=\"big\">MAJDAN KR\u00d3LEWSKI<\/td>\n<\/tr>\n<tr>\n<td>REGON<\/td>\n<td class=\"big\">18011527800000<\/td>\n<td>Miejscowo\u015b\u0107<\/td>\n<td class=\"big\">MAJDAN KR\u00d3LEWSKI<\/td>\n<\/tr>\n<tr>\n<td>Forma prawna<\/td>\n<td class=\"big\">STOWARZYSZENIE<\/td>\n<td>Adres<\/td>\n<td class=\"big\">RZESZOWSKA 8<\/td>\n<\/tr>\n<tr>\n<td class=\"male\">Data wpisu do Rejestru Przedsi\u0119biorc\u00f3w<\/td>\n<td class=\"big\"><\/td>\n<td>Kod pocztowy<\/td>\n<td class=\"big\">36-110<\/td>\n<\/tr>\n<\/tbody>\n<\/table>\n<div id=\"czlonkowieGrid\">\n<div class=\"t-data-grid\">\n<table class=\"czlonkowieReprezentacji\">\n<thead>\n<tr>\n<th class=\"nazwanazwiskoLubNazwa t-first\"><\/th>\n<th class=\"nazwanazwiskoDrugie\"><\/th>\n<th class=\"nazwaimiePierwsze\"><\/th>\n<th class=\"nazwaimieDrugie\"><\/th>\n<th class=\"funkcja t-last\"><\/th>\n<\/tr>\n<\/thead>\n<tbody>\n<tr class=\"t-first\">\n<td class=\"nazwanazwiskoLubNazwa\">SZWAJA<\/td>\n<td class=\"nazwanazwiskoDrugie\"><\/td>\n<td class=\"nazwaimiePierwsze\">ROMAN<\/td>\n<td class=\"nazwaimieDrugie\"><\/td>\n<td class=\"funkcja\">SEKRETARZ<\/td>\n<\/tr>\n<tr>\n<td class=\"nazwanazwiskoLubNazwa\">STR\u00d3\u017b<\/td>\n<td class=\"nazwanazwiskoDrugie\"><\/td>\n<td class=\"nazwaimiePierwsze\">\u0141UKASZ<\/td>\n<td class=\"nazwaimieDrugie\"><\/td>\n<td class=\"funkcja\">WICEPREZES &#8211; NACZELNIK<\/td>\n<\/tr>\n<tr>\n<td class=\"nazwanazwiskoLubNazwa\">KOZD\u0118BA<\/td>\n<td class=\"nazwanazwiskoDrugie\"><\/td>\n<td class=\"nazwaimiePierwsze\">JAN<\/td>\n<td class=\"nazwaimieDrugie\"><\/td>\n<td class=\"funkcja\">SKARBNIK<\/td>\n<\/tr>\n<tr>\n<td class=\"nazwanazwiskoLubNazwa\">WO\u0141OSZ<\/td>\n<td class=\"nazwanazwiskoDrugie\"><\/td>\n<td class=\"nazwaimiePierwsze\">TOMASZ<\/td>\n<td class=\"nazwaimieDrugie\"><\/td>\n<td class=\"funkcja\">PREZES<\/td>\n<\/tr>\n<tr>\n<td class=\"nazwanazwiskoLubNazwa\">PYRA<\/td>\n<td class=\"nazwanazwiskoDrugie\"><\/td>\n<td class=\"nazwaimiePierwsze\">DAMIAN<\/td>\n<td class=\"nazwaimieDrugie\"><\/td>\n<td class=\"funkcja\">ZAST\u0118PCA NACZELNIKA<\/td>\n<\/tr>\n<tr>\n<td class=\"nazwanazwiskoLubNazwa\">KOZAK<\/td>\n<td class=\"nazwanazwiskoDrugie\"><\/td>\n<td class=\"nazwaimiePierwsze\">BENEDYKT<\/td>\n<td class=\"nazwaimieDrugie\"><\/td>\n<td class=\"funkcja\">WICEPREZES<\/td>\n<\/tr>\n<tr>\n<td class=\"nazwanazwiskoLubNazwa\">WILK<\/td>\n<td class=\"nazwanazwiskoDrugie\"><\/td>\n<td class=\"nazwaimiePierwsze\">KRZYSZTOF<\/td>\n<td class=\"nazwaimieDrugie\"><\/td>\n<td class=\"funkcja\">CZ\u0141ONEK ZARZ\u0104DU<\/td>\n<\/tr>\n<tr class=\"t-last\">\n<td class=\"nazwanazwiskoLubNazwa\">WYDRO<\/td>\n<td class=\"nazwanazwiskoDrugie\"><\/td>\n<td class=\"nazwaimiePierwsze\">MARCIN<\/td>\n<td class=\"nazwaimieDrugie\"><\/td>\n<td class=\"funkcja\">GOSPODARZ<\/td>\n<\/tr>\n<\/tbody>\n<\/table>\n<\/div>\n<div><\/div>\n<div class=\"t-data-grid\">\n<div><strong>Wyposa\u017cenie<\/strong><\/div>\n<div>Mercedes Atego GCBA 4\/32 BOCAR\u00a0 459 R 72 ,<br \/>\nFORD TRANSIT SLRT BOCAR\u00a0 459 R 73<\/div>\n<\/div>\n<\/div>\n<p>&nbsp;<\/p>\n<div><\/div>\n<div><\/div>\n<div><\/div>\n<div id=\"czlonkowieGrid\">\n<div class=\"t-data-grid\">\n<div class=\"t-data-grid-pager\"><span style=\"color: #ff0000;\"><b>OSP Huta Komorowska<\/b>\u00a0&#8211;<b>(W KSRG)<\/b><\/span><\/div>\n<div>\n<table class=\"danePodmiotu\" cellspacing=\"5\">\n<tbody>\n<tr>\n<td width=\"150\">Nazwa<\/td>\n<td class=\"big\" colspan=\"3\">OCHOTNICZA STRA\u017b PO\u017bARNA W HUCIE KOMOROWSKIEJ<\/td>\n<\/tr>\n<tr>\n<td>Rejestr<\/td>\n<td class=\"big\" width=\"170\">Rejestr Stowarzysze\u0144<\/td>\n<td width=\"150\">Wojew\u00f3dztwo<\/td>\n<td class=\"big\" width=\"150\">PODKARPACKIE<\/td>\n<\/tr>\n<tr>\n<td>Numer KRS<\/td>\n<td class=\"big\">0000069214<\/td>\n<td>Powiat<\/td>\n<td class=\"big\">KOLBUSZOWSKI<\/td>\n<\/tr>\n<tr>\n<td>NIP<\/td>\n<td class=\"big\">8141611402<\/td>\n<td>Gmina<\/td>\n<td class=\"big\">MAJDAN KR\u00d3LEWSKI<\/td>\n<\/tr>\n<tr>\n<td>REGON<\/td>\n<td class=\"big\">18011533800000<\/td>\n<td>Miejscowo\u015b\u0107<\/td>\n<td class=\"big\">HUTA KOMOROWSKA<\/td>\n<\/tr>\n<tr>\n<td>Forma prawna<\/td>\n<td class=\"big\">STOWARZYSZENIE<\/td>\n<td>Adres<\/td>\n<td class=\"big\">214<\/td>\n<\/tr>\n<tr>\n<td class=\"male\">Data wpisu do Rejestru Przedsi\u0119biorc\u00f3w<\/td>\n<td class=\"big\"><\/td>\n<td>Kod pocztowy<\/td>\n<td class=\"big\">36-110<\/td>\n<\/tr>\n<\/tbody>\n<\/table>\n<\/div>\n<div>\n<table class=\"czlonkowieReprezentacji\">\n<tbody>\n<tr class=\"t-first\">\n<td class=\"nazwanazwiskoLubNazwa\">SUSZEK<\/td>\n<td class=\"nazwanazwiskoDrugie\"><\/td>\n<td class=\"nazwaimiePierwsze\">WIES\u0141AW<\/td>\n<td class=\"nazwaimieDrugie\"><\/td>\n<td class=\"funkcja\">NACZELNIK<\/td>\n<\/tr>\n<tr>\n<td class=\"nazwanazwiskoLubNazwa\">HA\u0141KA<\/td>\n<td class=\"nazwanazwiskoDrugie\"><\/td>\n<td class=\"nazwaimiePierwsze\">ANDRZEJ<\/td>\n<td class=\"nazwaimieDrugie\"><\/td>\n<td class=\"funkcja\">PREZES<\/td>\n<\/tr>\n<tr>\n<td class=\"nazwanazwiskoLubNazwa\">GIL<\/td>\n<td class=\"nazwanazwiskoDrugie\"><\/td>\n<td class=\"nazwaimiePierwsze\">FRANCISZEK<\/td>\n<td class=\"nazwaimieDrugie\"><\/td>\n<td class=\"funkcja\">SEKRETARZ<\/td>\n<\/tr>\n<tr>\n<td class=\"nazwanazwiskoLubNazwa\">HA\u0141KA<\/td>\n<td class=\"nazwanazwiskoDrugie\"><\/td>\n<td class=\"nazwaimiePierwsze\">WIES\u0141AW<\/td>\n<td class=\"nazwaimieDrugie\"><\/td>\n<td class=\"funkcja\">SKARBNIK<\/td>\n<\/tr>\n<tr>\n<td class=\"nazwanazwiskoLubNazwa\">POGODA<\/td>\n<td class=\"nazwanazwiskoDrugie\"><\/td>\n<td class=\"nazwaimiePierwsze\">JAKUB<\/td>\n<td class=\"nazwaimieDrugie\"><\/td>\n<td class=\"funkcja\">ZAST\u0118PCA NACZELNIKA<\/td>\n<\/tr>\n<tr class=\"t-last\">\n<td class=\"nazwanazwiskoLubNazwa\">PAK\u0141OS<\/td>\n<td class=\"nazwanazwiskoDrugie\"><\/td>\n<td class=\"nazwaimiePierwsze\">MATEUSZ<\/td>\n<td class=\"nazwaimieDrugie\"><\/td>\n<td class=\"funkcja\">GOSPODARZ<\/td>\n<\/tr>\n<\/tbody>\n<\/table>\n<p><strong>Wyposa\u017cenie<\/strong><\/p>\n<p>Mercedes Atego AF 1329 2,5\/16 Bocar<\/p>\n<p>Star 266 GBA 2.3\/2 Bocar<\/p>\n<p>&nbsp;<\/p>\n<p><span style=\"color: #ff0000;\"><b>OSP Brzostowa G\u00f3ra<\/b><\/span><\/p>\n<table class=\"danePodmiotu\" cellspacing=\"5\">\n<tbody>\n<tr>\n<td width=\"150\">Nazwa<\/td>\n<td class=\"big\" colspan=\"3\">OCHOTNICZA STRA\u017b PO\u017bARNA W BRZOSTOWEJ G\u00d3RZE<\/td>\n<\/tr>\n<tr>\n<td>Rejestr<\/td>\n<td class=\"big\" width=\"170\">Rejestr Stowarzysze\u0144<\/td>\n<td width=\"150\">Wojew\u00f3dztwo<\/td>\n<td class=\"big\" width=\"150\">PODKARPACKIE<\/td>\n<\/tr>\n<tr>\n<td>Numer KRS<\/td>\n<td class=\"big\">0000032057<\/td>\n<td>Powiat<\/td>\n<td class=\"big\">KOLBUSZOWSKI<\/td>\n<\/tr>\n<tr>\n<td>NIP<\/td>\n<td class=\"big\">8141611052<\/td>\n<td>Gmina<\/td>\n<td class=\"big\">MAJDAN KR\u00d3LEWSKI<\/td>\n<\/tr>\n<tr>\n<td>REGON<\/td>\n<td class=\"big\">18011535000000<\/td>\n<td>Miejscowo\u015b\u0107<\/td>\n<td class=\"big\">BRZOSTOWA G\u00d3RA<\/td>\n<\/tr>\n<tr>\n<td>Forma prawna<\/td>\n<td class=\"big\">STOWARZYSZENIE<\/td>\n<td>Adres<\/td>\n<td class=\"big\">133<\/td>\n<\/tr>\n<tr>\n<td class=\"male\">Data wpisu do Rejestru Przedsi\u0119biorc\u00f3w<\/td>\n<td class=\"big\"><\/td>\n<td>Kod pocztowy<\/td>\n<td class=\"big\">36-110<\/td>\n<\/tr>\n<\/tbody>\n<\/table>\n<table class=\"czlonkowieReprezentacji\">\n<tbody>\n<tr class=\"t-first\">\n<td class=\"nazwanazwiskoLubNazwa\">JUREK<\/td>\n<td class=\"nazwanazwiskoDrugie\"><\/td>\n<td class=\"nazwaimiePierwsze\">HENRYK<\/td>\n<td class=\"nazwaimieDrugie\"><\/td>\n<td class=\"funkcja\">ZAST\u0118PCA NACZELNIKA<\/td>\n<\/tr>\n<tr>\n<td class=\"nazwanazwiskoLubNazwa\">FILA<\/td>\n<td class=\"nazwanazwiskoDrugie\"><\/td>\n<td class=\"nazwaimiePierwsze\">J\u00d3ZEF<\/td>\n<td class=\"nazwaimieDrugie\"><\/td>\n<td class=\"funkcja\">GOSPODARZ<\/td>\n<\/tr>\n<tr>\n<td class=\"nazwanazwiskoLubNazwa\">D\u0118BIAK<\/td>\n<td class=\"nazwanazwiskoDrugie\"><\/td>\n<td class=\"nazwaimiePierwsze\">\u0141UKASZ<\/td>\n<td class=\"nazwaimieDrugie\"><\/td>\n<td class=\"funkcja\">SEKRETARZ<\/td>\n<\/tr>\n<tr>\n<td class=\"nazwanazwiskoLubNazwa\">GIL<\/td>\n<td class=\"nazwanazwiskoDrugie\"><\/td>\n<td class=\"nazwaimiePierwsze\">ALEKSANDER<\/td>\n<td class=\"nazwaimieDrugie\"><\/td>\n<td class=\"funkcja\">SKARBNIK<\/td>\n<\/tr>\n<tr>\n<td class=\"nazwanazwiskoLubNazwa\">FUDALI<\/td>\n<td class=\"nazwanazwiskoDrugie\"><\/td>\n<td class=\"nazwaimiePierwsze\">DAMIAN<\/td>\n<td class=\"nazwaimieDrugie\"><\/td>\n<td class=\"funkcja\">NACZELNIK &#8211; WICEPREZES<\/td>\n<\/tr>\n<tr class=\"t-last\">\n<td class=\"nazwanazwiskoLubNazwa\">KOPE\u0106<\/td>\n<td class=\"nazwanazwiskoDrugie\"><\/td>\n<td class=\"nazwaimiePierwsze\">PAWE\u0141<\/td>\n<td class=\"nazwaimieDrugie\"><\/td>\n<td class=\"funkcja\">PREZES<\/td>\n<\/tr>\n<\/tbody>\n<\/table>\n<\/div>\n<\/div>\n<\/div>\n<p><strong>Wyposa\u017cenie<\/strong><\/p>\n<p>Mercedes Sprinter 208 GLM<\/p>\n<p>&nbsp;<\/p>\n<p><span style=\"color: #ff0000;\"><b>OSP Komor\u00f3w<\/b><\/span><\/p>\n<table class=\"danePodmiotu\" cellspacing=\"5\">\n<tbody>\n<tr>\n<td width=\"150\">Nazwa<\/td>\n<td class=\"big\" colspan=\"3\">OCHOTNICZA STRA\u017b PO\u017bARNA W KOMOROWIE<\/td>\n<\/tr>\n<tr>\n<td>Rejestr<\/td>\n<td class=\"big\" width=\"170\">Rejestr Stowarzysze\u0144<\/td>\n<td width=\"150\">Wojew\u00f3dztwo<\/td>\n<td class=\"big\" width=\"150\">PODKARPACKIE<\/td>\n<\/tr>\n<tr>\n<td>Numer KRS<\/td>\n<td class=\"big\">0000224758<\/td>\n<td>Powiat<\/td>\n<td class=\"big\">KOLBUSZOWSKI<\/td>\n<\/tr>\n<tr>\n<td>NIP<\/td>\n<td class=\"big\">8141611394<\/td>\n<td>Gmina<\/td>\n<td class=\"big\">MAJDAN KR\u00d3LEWSKI<\/td>\n<\/tr>\n<tr>\n<td>REGON<\/td>\n<td class=\"big\">18011538000000<\/td>\n<td>Miejscowo\u015b\u0107<\/td>\n<td class=\"big\">KOMOR\u00d3W<\/td>\n<\/tr>\n<tr>\n<td>Forma prawna<\/td>\n<td class=\"big\">STOWARZYSZENIE<\/td>\n<td>Adres<\/td>\n<td class=\"big\">160 A<\/td>\n<\/tr>\n<tr>\n<td class=\"male\">Data wpisu do Rejestru Przedsi\u0119biorc\u00f3w<\/td>\n<td class=\"big\"><\/td>\n<td>Kod pocztowy<\/td>\n<td class=\"big\">36-110<\/td>\n<\/tr>\n<\/tbody>\n<\/table>\n<table class=\"czlonkowieReprezentacji\">\n<tbody>\n<tr class=\"t-first\">\n<td class=\"nazwanazwiskoLubNazwa\">ZI\u0118BA<\/td>\n<td class=\"nazwanazwiskoDrugie\"><\/td>\n<td class=\"nazwaimiePierwsze\">DARIUSZ<\/td>\n<td class=\"nazwaimieDrugie\"><\/td>\n<td class=\"funkcja\">SKARBNIK<\/td>\n<\/tr>\n<tr>\n<td class=\"nazwanazwiskoLubNazwa\">ZI\u0118BA<\/td>\n<td class=\"nazwanazwiskoDrugie\"><\/td>\n<td class=\"nazwaimiePierwsze\">WAC\u0141AW<\/td>\n<td class=\"nazwaimieDrugie\"><\/td>\n<td class=\"funkcja\">ZAST\u0118PCA NACZELNIKA<\/td>\n<\/tr>\n<tr>\n<td class=\"nazwanazwiskoLubNazwa\">ZIELI\u0143SKI<\/td>\n<td class=\"nazwanazwiskoDrugie\"><\/td>\n<td class=\"nazwaimiePierwsze\">PIOTR<\/td>\n<td class=\"nazwaimieDrugie\"><\/td>\n<td class=\"funkcja\">PREZES<\/td>\n<\/tr>\n<tr>\n<td class=\"nazwanazwiskoLubNazwa\">ACHTYL<\/td>\n<td class=\"nazwanazwiskoDrugie\"><\/td>\n<td class=\"nazwaimiePierwsze\">RYSZARD<\/td>\n<td class=\"nazwaimieDrugie\"><\/td>\n<td class=\"funkcja\">GOSPODARZ<\/td>\n<\/tr>\n<tr>\n<td class=\"nazwanazwiskoLubNazwa\">KOSIOROWSKI<\/td>\n<td class=\"nazwanazwiskoDrugie\"><\/td>\n<td class=\"nazwaimiePierwsze\">MATEUSZ<\/td>\n<td class=\"nazwaimieDrugie\">PAWE\u0141<\/td>\n<td class=\"funkcja\">SEKRETARZ<\/td>\n<\/tr>\n<tr class=\"t-last\">\n<td class=\"nazwanazwiskoLubNazwa\">BARACZ<\/td>\n<td class=\"nazwanazwiskoDrugie\"><\/td>\n<td class=\"nazwaimiePierwsze\">MATEUSZ<\/td>\n<td class=\"nazwaimieDrugie\"><\/td>\n<td class=\"funkcja\">NACZELNIK<\/td>\n<\/tr>\n<\/tbody>\n<\/table>\n<p><b><strong>Wyposa\u017cenie<\/strong><\/b><\/p>\n<p>Mercedes Benz GBA 2.5\/16 Bachert 1978<\/p>\n<p>&nbsp;<\/p>\n<p><span style=\"color: #ff0000;\"><b>OSP Wola Rusinowska<\/b><\/span><\/p>\n<table class=\"danePodmiotu\" cellspacing=\"5\">\n<tbody>\n<tr>\n<td width=\"150\">Nazwa<\/td>\n<td class=\"big\" colspan=\"3\">OCHOTNICZA STRA\u017b PO\u017bARNA W WOLI RUSINOWSKIEJ<\/td>\n<\/tr>\n<tr>\n<td>Rejestr<\/td>\n<td class=\"big\" width=\"170\">Rejestr Stowarzysze\u0144<\/td>\n<td width=\"150\">Wojew\u00f3dztwo<\/td>\n<td class=\"big\" width=\"150\">PODKARPACKIE<\/td>\n<\/tr>\n<tr>\n<td>Numer KRS<\/td>\n<td class=\"big\">0000045951<\/td>\n<td>Powiat<\/td>\n<td class=\"big\">KOLBUSZOWSKI<\/td>\n<\/tr>\n<tr>\n<td>NIP<\/td>\n<td class=\"big\"><\/td>\n<td>Gmina<\/td>\n<td class=\"big\">MAJDAN KR\u00d3LEWSKI<\/td>\n<\/tr>\n<tr>\n<td>REGON<\/td>\n<td class=\"big\">18011530900000<\/td>\n<td>Miejscowo\u015b\u0107<\/td>\n<td class=\"big\">WOLA RUSINOWSKA<\/td>\n<\/tr>\n<tr>\n<td>Forma prawna<\/td>\n<td class=\"big\">STOWARZYSZENIE<\/td>\n<td>Adres<\/td>\n<td class=\"big\">95<\/td>\n<\/tr>\n<tr>\n<td class=\"male\">Data wpisu do Rejestru Przedsi\u0119biorc\u00f3w<\/td>\n<td class=\"big\"><\/td>\n<td>Kod pocztowy<\/td>\n<td class=\"big\">36-110<\/td>\n<\/tr>\n<\/tbody>\n<\/table>\n<table class=\"czlonkowieReprezentacji\">\n<tbody>\n<tr class=\"t-first\">\n<td class=\"nazwanazwiskoLubNazwa\">WIT<\/td>\n<td class=\"nazwanazwiskoDrugie\"><\/td>\n<td class=\"nazwaimiePierwsze\">JAN<\/td>\n<td class=\"nazwaimieDrugie\"><\/td>\n<td class=\"funkcja\">PREZES<\/td>\n<\/tr>\n<tr>\n<td class=\"nazwanazwiskoLubNazwa\">KRZ\u0104STEK<\/td>\n<td class=\"nazwanazwiskoDrugie\"><\/td>\n<td class=\"nazwaimiePierwsze\">TADEUSZ<\/td>\n<td class=\"nazwaimieDrugie\"><\/td>\n<td class=\"funkcja\">ZAST\u0118PCA NACZELNIKA<\/td>\n<\/tr>\n<tr>\n<td class=\"nazwanazwiskoLubNazwa\">WARCHO\u0141<\/td>\n<td class=\"nazwanazwiskoDrugie\"><\/td>\n<td class=\"nazwaimiePierwsze\">JAN<\/td>\n<td class=\"nazwaimieDrugie\"><\/td>\n<td class=\"funkcja\">SKARBNIK<\/td>\n<\/tr>\n<tr>\n<td class=\"nazwanazwiskoLubNazwa\">KOPE\u0106<\/td>\n<td class=\"nazwanazwiskoDrugie\"><\/td>\n<td class=\"nazwaimiePierwsze\">\u0141UKASZ<\/td>\n<td class=\"nazwaimieDrugie\"><\/td>\n<td class=\"funkcja\">SEKRETARZ<\/td>\n<\/tr>\n<tr>\n<td class=\"nazwanazwiskoLubNazwa\">KWA\u015aNIK<\/td>\n<td class=\"nazwanazwiskoDrugie\"><\/td>\n<td class=\"nazwaimiePierwsze\">ZBIGNIEW<\/td>\n<td class=\"nazwaimieDrugie\"><\/td>\n<td class=\"funkcja\">GOSPODARZ<\/td>\n<\/tr>\n<tr class=\"t-last\">\n<td class=\"nazwanazwiskoLubNazwa\">KWA\u015aNIK<\/td>\n<td class=\"nazwanazwiskoDrugie\"><\/td>\n<td class=\"nazwaimiePierwsze\">DARIUSZ<\/td>\n<td class=\"nazwaimieDrugie\"><\/td>\n<td class=\"funkcja\"><\/td>\n<\/tr>\n<\/tbody>\n<\/table>\n<p><b><strong>Wyposa\u017cenie<\/strong><\/b><\/p>\n<p>Star 266 GBM 3\/8 Osiny<\/p>\n<p>&nbsp;<\/p>\n<p><span style=\"color: #ff0000;\"><b>OSP Krz\u0105tka<\/b><\/span><\/p>\n<table class=\"danePodmiotu\" cellspacing=\"5\">\n<tbody>\n<tr>\n<td width=\"150\">Nazwa<\/td>\n<td class=\"big\" colspan=\"3\">OCHOTNICZA STRA\u017b PO\u017bARNA W KRZ\u0104TCE<\/td>\n<\/tr>\n<tr>\n<td>Rejestr<\/td>\n<td class=\"big\" width=\"170\">Rejestr Stowarzysze\u0144<\/td>\n<td width=\"150\">Wojew\u00f3dztwo<\/td>\n<td class=\"big\" width=\"150\">PODKARPACKIE<\/td>\n<\/tr>\n<tr>\n<td>Numer KRS<\/td>\n<td class=\"big\">0000025393<\/td>\n<td>Powiat<\/td>\n<td class=\"big\">KOLBUSZOWSKI<\/td>\n<\/tr>\n<tr>\n<td>NIP<\/td>\n<td class=\"big\">8141611069<\/td>\n<td>Gmina<\/td>\n<td class=\"big\">MAJDAN KR\u00d3LEWSKI<\/td>\n<\/tr>\n<tr>\n<td>REGON<\/td>\n<td class=\"big\">18011536700000<\/td>\n<td>Miejscowo\u015b\u0107<\/td>\n<td class=\"big\">KRZ\u0104TKA<\/td>\n<\/tr>\n<tr>\n<td>Forma prawna<\/td>\n<td class=\"big\">STOWARZYSZENIE<\/td>\n<td>Adres<\/td>\n<td class=\"big\">40<\/td>\n<\/tr>\n<tr>\n<td class=\"male\">Data wpisu do Rejestru Przedsi\u0119biorc\u00f3w<\/td>\n<td class=\"big\"><\/td>\n<td>Kod pocztowy<\/td>\n<td class=\"big\">36-110<\/td>\n<\/tr>\n<\/tbody>\n<\/table>\n<table class=\"czlonkowieReprezentacji\">\n<tbody>\n<tr class=\"t-first\">\n<td class=\"nazwanazwiskoLubNazwa\">KOBYLARZ<\/td>\n<td class=\"nazwanazwiskoDrugie\"><\/td>\n<td class=\"nazwaimiePierwsze\">MAREK<\/td>\n<td class=\"nazwaimieDrugie\"><\/td>\n<td class=\"funkcja\">CZ\u0141ONEK ZARZ\u0104DU<\/td>\n<\/tr>\n<tr>\n<td class=\"nazwanazwiskoLubNazwa\">JAGODA<\/td>\n<td class=\"nazwanazwiskoDrugie\"><\/td>\n<td class=\"nazwaimiePierwsze\">TADEUSZ<\/td>\n<td class=\"nazwaimieDrugie\"><\/td>\n<td class=\"funkcja\">GOSPODARZ<\/td>\n<\/tr>\n<tr>\n<td class=\"nazwanazwiskoLubNazwa\">WILK<\/td>\n<td class=\"nazwanazwiskoDrugie\"><\/td>\n<td class=\"nazwaimiePierwsze\">JAN<\/td>\n<td class=\"nazwaimieDrugie\"><\/td>\n<td class=\"funkcja\">PREZES<\/td>\n<\/tr>\n<tr>\n<td class=\"nazwanazwiskoLubNazwa\">SERAFIN<\/td>\n<td class=\"nazwanazwiskoDrugie\"><\/td>\n<td class=\"nazwaimiePierwsze\">\u0141UKASZ<\/td>\n<td class=\"nazwaimieDrugie\"><\/td>\n<td class=\"funkcja\">Z-CA NACZELNIKA<\/td>\n<\/tr>\n<tr>\n<td class=\"nazwanazwiskoLubNazwa\">GOLA<\/td>\n<td class=\"nazwanazwiskoDrugie\"><\/td>\n<td class=\"nazwaimiePierwsze\">MIECZYS\u0141AW<\/td>\n<td class=\"nazwaimieDrugie\"><\/td>\n<td class=\"funkcja\">SKARBNIK<\/td>\n<\/tr>\n<tr>\n<td class=\"nazwanazwiskoLubNazwa\">GOLA<\/td>\n<td class=\"nazwanazwiskoDrugie\"><\/td>\n<td class=\"nazwaimiePierwsze\">MATEUSZ<\/td>\n<td class=\"nazwaimieDrugie\">PATRYK<\/td>\n<td class=\"funkcja\">NACZELNIK<\/td>\n<\/tr>\n<tr class=\"t-last\">\n<td class=\"nazwanazwiskoLubNazwa\">KONEFA\u0141<\/td>\n<td class=\"nazwanazwiskoDrugie\"><\/td>\n<td class=\"nazwaimiePierwsze\">DAWID<\/td>\n<td class=\"nazwaimieDrugie\"><\/td>\n<td class=\"funkcja\">SEKRETARZ<\/td>\n<\/tr>\n<\/tbody>\n<\/table>\n<p><b><strong>Wyposa\u017cenie<\/strong><\/b><\/p>\n<p>Mercedes 1019 GBA 2.5\/16 Bahert<\/p>\n<p>&nbsp;<\/p>\n<p><span style=\"color: #ff0000;\"><b>OSP Rusin\u00f3w<\/b><\/span><\/p>\n<table class=\"danePodmiotu\" cellspacing=\"5\">\n<tbody>\n<tr>\n<td width=\"150\">Nazwa<\/td>\n<td class=\"big\" colspan=\"3\">OCHOTNICZA STRA\u017b PO\u017bARNA W RUSINOWIE<\/td>\n<\/tr>\n<tr>\n<td>Rejestr<\/td>\n<td class=\"big\" width=\"170\">Rejestr Stowarzysze\u0144<\/td>\n<td width=\"150\">Wojew\u00f3dztwo<\/td>\n<td class=\"big\" width=\"150\">PODKARPACKIE<\/td>\n<\/tr>\n<tr>\n<td>Numer KRS<\/td>\n<td class=\"big\">0000224763<\/td>\n<td>Powiat<\/td>\n<td class=\"big\">KOLBUSZOWSKI<\/td>\n<\/tr>\n<tr>\n<td>NIP<\/td>\n<td class=\"big\">8141611388<\/td>\n<td>Gmina<\/td>\n<td class=\"big\">MAJDAN KR\u00d3LEWSKI<\/td>\n<\/tr>\n<tr>\n<td>REGON<\/td>\n<td class=\"big\">18011529000000<\/td>\n<td>Miejscowo\u015b\u0107<\/td>\n<td class=\"big\">RUSIN\u00d3W<\/td>\n<\/tr>\n<tr>\n<td>Forma prawna<\/td>\n<td class=\"big\">STOWARZYSZENIE<\/td>\n<td>Adres<\/td>\n<td class=\"big\">24 A<\/td>\n<\/tr>\n<tr>\n<td class=\"male\">Data wpisu do Rejestru Przedsi\u0119biorc\u00f3w<\/td>\n<td class=\"big\"><\/td>\n<td>Kod pocztowy<\/td>\n<td class=\"big\">36-110<\/td>\n<\/tr>\n<\/tbody>\n<\/table>\n<table class=\"czlonkowieReprezentacji\">\n<tbody>\n<tr class=\"t-first\">\n<td class=\"nazwanazwiskoLubNazwa\">KONEFA\u0141<\/td>\n<td class=\"nazwanazwiskoDrugie\"><\/td>\n<td class=\"nazwaimiePierwsze\">JACEK<\/td>\n<td class=\"nazwaimieDrugie\"><\/td>\n<td class=\"funkcja\">ZAST\u0118PCA PREZESA<\/td>\n<\/tr>\n<tr>\n<td class=\"nazwanazwiskoLubNazwa\">KWA\u015aNIK<\/td>\n<td class=\"nazwanazwiskoDrugie\"><\/td>\n<td class=\"nazwaimiePierwsze\">JAN<\/td>\n<td class=\"nazwaimieDrugie\"><\/td>\n<td class=\"funkcja\">PREZES ZARZ\u0104DU<\/td>\n<\/tr>\n<tr>\n<td class=\"nazwanazwiskoLubNazwa\">KRASO\u0143<\/td>\n<td class=\"nazwanazwiskoDrugie\"><\/td>\n<td class=\"nazwaimiePierwsze\">ARTUR<\/td>\n<td class=\"nazwaimieDrugie\"><\/td>\n<td class=\"funkcja\">SKARBNIK<\/td>\n<\/tr>\n<tr>\n<td class=\"nazwanazwiskoLubNazwa\">WACYRA<\/td>\n<td class=\"nazwanazwiskoDrugie\"><\/td>\n<td class=\"nazwaimiePierwsze\">ANDRZEJ<\/td>\n<td class=\"nazwaimieDrugie\"><\/td>\n<td class=\"funkcja\">SEKRETARZ<\/td>\n<\/tr>\n<tr>\n<td class=\"nazwanazwiskoLubNazwa\">CHRZ\u0104STEK<\/td>\n<td class=\"nazwanazwiskoDrugie\"><\/td>\n<td class=\"nazwaimiePierwsze\">ANDRZEJ<\/td>\n<td class=\"nazwaimieDrugie\"><\/td>\n<td class=\"funkcja\">GOSPODARZ<\/td>\n<\/tr>\n<tr class=\"t-last\">\n<td class=\"nazwanazwiskoLubNazwa\">CHRZ\u0104STEK<\/td>\n<td class=\"nazwanazwiskoDrugie\"><\/td>\n<td class=\"nazwaimiePierwsze\">WOJCIECH<\/td>\n<td class=\"nazwaimieDrugie\"><\/td>\n<td class=\"funkcja\">NACZELNIK<\/td>\n<\/tr>\n<\/tbody>\n<\/table>\n<p><strong>Wyposa\u017cenie<\/strong><\/p>\n<p>Opel Movano GLBM Dragon<\/p>\n","protected":false},"excerpt":{"rendered":"<p>OSP Majdan Kr\u00f3lewski\u00a0&#8211;\u00a0(W KSRG) Nazwa OCHOTNICZA STRA\u017b PO\u017bARNA W MAJDANIE KR\u00d3LEWSKIM Rejestr Rejestr Stowarzysze\u0144 Wojew\u00f3dztwo PODKARPACKIE Numer KRS 0000045550 Powiat KOLBUSZOWSKI NIP 8141611081 Gmina MAJDAN KR\u00d3LEWSKI REGON 18011527800000 Miejscowo\u015b\u0107 MAJDAN KR\u00d3LEWSKI Forma prawna STOWARZYSZENIE Adres RZESZOWSKA 8 Data wpisu do Rejestru Przedsi\u0119biorc\u00f3w Kod pocztowy 36-110 SZWAJA ROMAN SEKRETARZ STR\u00d3\u017b \u0141UKASZ WICEPREZES &#8211; NACZELNIK KOZD\u0118BA JAN [&hellip;]<\/p>\n","protected":false},"author":1,"featured_media":0,"parent":0,"menu_order":0,"comment_status":"closed","ping_status":"closed","template":"","meta":{"footnotes":""},"class_list":["post-15026","page","type-page","status-publish","hentry"],"_links":{"self":[{"href":"https:\/\/www.majdankrolewski.eu\/index.php\/wp-json\/wp\/v2\/pages\/15026","targetHints":{"allow":["GET"]}}],"collection":[{"href":"https:\/\/www.majdankrolewski.eu\/index.php\/wp-json\/wp\/v2\/pages"}],"about":[{"href":"https:\/\/www.majdankrolewski.eu\/index.php\/wp-json\/wp\/v2\/types\/page"}],"author":[{"embeddable":true,"href":"https:\/\/www.majdankrolewski.eu\/index.php\/wp-json\/wp\/v2\/users\/1"}],"replies":[{"embeddable":true,"href":"https:\/\/www.majdankrolewski.eu\/index.php\/wp-json\/wp\/v2\/comments?post=15026"}],"version-history":[{"count":6,"href":"https:\/\/www.majdankrolewski.eu\/index.php\/wp-json\/wp\/v2\/pages\/15026\/revisions"}],"predecessor-version":[{"id":15861,"href":"https:\/\/www.majdankrolewski.eu\/index.php\/wp-json\/wp\/v2\/pages\/15026\/revisions\/15861"}],"wp:attachment":[{"href":"https:\/\/www.majdankrolewski.eu\/index.php\/wp-json\/wp\/v2\/media?parent=15026"}],"curies":[{"name":"wp","href":"https:\/\/api.w.org\/{rel}","templated":true}]}}