{"id":12469,"date":"2013-11-14T00:31:44","date_gmt":"2013-11-13T22:31:44","guid":{"rendered":"http:\/\/www.majdankrolewski.eu\/?page_id=12469"},"modified":"2018-09-26T07:42:41","modified_gmt":"2018-09-26T06:42:41","slug":"copyright","status":"publish","type":"page","link":"https:\/\/www.majdankrolewski.eu\/index.php\/copyright\/","title":{"rendered":"\u00a9 Copyright i o stronie"},"content":{"rendered":"<p style=\"text-align: center;\"><b><span style=\"color: #1e4d73; font-family: Verdana; font-size: small;\">Warunki u\u017cytkowania serwisu \u00a9 Copyright<\/span><\/b><\/p>\n<p style=\"text-align: justify;\"><span style=\"color: #000000; font-family: Verdana;\">Strony internetowe Portalu majdankrolewski.eu zawieraj\u0105 dokumenty chronione prawem autorskim jak r\u00f3wnie\u017c inne materia\u0142y b\u0119d\u0105ce pod ochron\u0105 praw autorskich. Portal<\/span><span style=\"font-family: Verdana;\"> wszelkich stara\u0144 aby informacje ukazuj\u0105ce si\u0119 w by\u0142y rzetelne i zgodne z prawd\u0105. W \u017cadnym przypadku\u00a0Portal nie b\u0119dzie odpowiada\u0142 za jakiekolwiek straty zwi\u0105zane z utrat\u0105 lub uszkodzeniem danych, sprz\u0119tu lub innych warto\u015bci materialnych lub niematerialnych wynikaj\u0105cych z zastosowania publikowanych w Portalu informacji.<\/span><span style=\"color: #000000; font-family: Verdana;\"> Korzystanie z utwor\u00f3w, informacji i danych umieszczonych w serwisie<\/span><span style=\"color: #000000; font-family: Verdana;\"> nie oznacza nabycia przez u\u017cytkownik\u00f3w jakichkolwiek praw na dobrach niematerialnych do utwor\u00f3w w nim zawartych. U\u017cytkownik mo\u017ce korzysta\u0107 z tych utwor\u00f3w jedynie w zakresie dozwolonym przepisami ustawy z dnia 4 lutego 1994 r. o prawie autorskim i prawach pokrewnych (Dz. U. Nr 24, poz. 83 z p\u00f3\u017an. zm.). W szczeg\u00f3lno\u015bci, poza okre\u015blonymi w tych przepisach przypadkami, zabronione jest kopiowanie utwor\u00f3w lub ich cz\u0119\u015bci, a tak\u017ce ich udost\u0119pnianie publicznie poza przypadkami wyra\u017anie dopuszczonymi w wy\u017cej wymienionej ustawie.<br \/>\nWszelk\u0105 odpowiedzialno\u015b\u0107 za dzia\u0142ania sprzeczne z prawami autorskimi ponosz\u0105 u\u017cytkownicy serwisu. <\/span><\/p>\n<p style=\"text-align: justify;\"><span style=\"color: #000000; font-family: Verdana;\">Udost\u0119pniaj\u0105c swoje materia\u0142y za po\u015brednictwem serwisu u\u017cytkownicy wyra\u017caj\u0105 zgod\u0119 na wykorzystywanie tych materia\u0142\u00f3w przez pozosta\u0142ych u\u017cytkownik\u00f3w. Redakcja zastrzega sobie prawo do redagowania, kopiowania i rozpowszechniania tych materia\u0142\u00f3w.<\/span><\/p>\n<p style=\"text-align: justify;\"><span style=\"color: #1e4d73; font-family: Verdana; font-size: small;\">Informacja o prawie autorskim do materia\u0142\u00f3w wykorzystywanych przez Portal majdankrolewski.eu:<\/span><\/p>\n<p style=\"text-align: justify;\">Wszystkie dane i informacje jak r\u00f3wnie\u017c nazwy handlowe i nazwy towar\u00f3w oraz firm jakie wyst\u0119puj\u0105 w serwisie mog\u0105 by\u0107 lub te\u017c s\u0105 znakami towarowymi zastrze\u017conymi lub nazwami zastrze\u017conymi firm lub ich w\u0142a\u015bcicieli i zosta\u0142y u\u017cyte w serwisie jedynie w celach identyfikacyjnych.<\/p>\n<p style=\"text-align: justify;\"><span style=\"color: #000000; font-family: Verdana;\"> Dane i informacje zawarte w naszym serwisie s\u0105 publikowane wy\u0142\u0105cznie do cel\u00f3w informacyjnych.<\/span><span style=\"font-family: Verdana;\">Wszelkie materia\u0142y, <\/span><span style=\"color: #000000; font-family: Verdana;\">informacje, <\/span><span style=\"font-family: Verdana;\">pliki, rysunki, zdj\u0119cia itp. dost\u0119pne <\/span><span style=\"color: #000000; font-family: Verdana;\">w <\/span><span style=\"font-family: Verdana;\">Portalu majdankrolewski.eu <\/span><span style=\"color: #000000; font-family: Verdana;\">nie mog\u0105 by\u0107 publikowane i redystrybuowane bez pisemnej zgody Redakcji Portalu. Wszelkie prawa zastrze\u017cone. Materia\u0142 ten <\/span><span style=\"font-family: Verdana;\">jest ograniczony prawami autorskimi oraz innymi prawami i <\/span><span style=\"color: #000000; font-family: Verdana;\">nie mo\u017ce by\u0107 kopiowany, publikowany i rozprowadzany w \u017cadnej formie.<\/span><span style=\"color: #1e4d73; font-family: Verdana;\"><b> Kopiowanie, przedruk tekst\u00f3w zamieszczonych na \u0142amach serwisu oraz ich udost\u0119pnianie w mediach elektronicznych jak r\u00f3wnie\u017c w innej formie jest mo\u017cliwe wy\u0142\u0105cznie za pisemn\u0105 zgod\u0105 w\u0142a\u015bciciela serwisu.<\/b><\/span><\/p>\n<p>Portal powsta\u0142 10 wrze\u015bnia 2008 r.<\/p>\n<p style=\"text-align: center;\"><span style=\"color: #ff0000;\"><strong><span style=\"text-decoration: underline;\">Portal stanowczo odcina si\u0119 od wszelkiej polityki w ka\u017cdym jej wydaniu.<\/span><\/strong><\/span><\/p>\n<p>Celem tw\u00f3rc\u00f3w by\u0142o stworzenie witryny, na kt\u00f3rej b\u0119d\u0105 publikowane r\u00f3\u017cne wydarzenia z terenu gminy Majdan Kr\u00f3lewski i okolic.<\/p>\n<p>Ch\u0119tnych do wsp\u00f3\u0142tworzenia zapraszamy do skontaktowania si\u0119 z autorami.<\/p>\n<p>Nasz portal utrzymuje si\u0119 ( op\u0142ata za domen\u0119 .eu i za hosting) <strong> <span style=\"color: #ff0000;\">tylko i wy\u0142\u0105cznie ze \u015brodk\u00f3w w\u0142asnych autor\u00f3w portalu.<\/span><\/strong><\/p>\n<p>Prosimy te\u017c o informacje, sugestie na temat naszego portalu pod adres:<\/p>\n<p><a href=\"mailto:portal@majdankrolewski.eu\">portal@majdankrolewski.eu &#8211; Kliknij by wys\u0142a\u0107 poczt\u0119<\/a><\/p>\n<p>Sprawdzanie poczty :<br \/>\n<a href=\"http:\/\/majdankrolewski.eu\/squirrelmail\/src\/login.php\">http:\/\/majdankrolewski.eu\/squirrelmail\/src\/login.php<\/a><\/p>\n<p><strong>Cookies<\/strong><\/p>\n<p>Portal www. majdankrolewski.eu  wykorzystuje pliki cookies (ciasteczka), kt\u00f3re ulepszaj\u0105 korzystanie z naszej strony. Nowe przepisy prawne ustawy o prawie telekomunikacyjnym nak\u0142adaj\u0105 na nas obowi\u0105zek poinformowania o tym Pa\u0144stwa.  Dalsze przegl\u0105danie strony bez zmiany ustawie\u0144 przegl\u0105darki jest wyra\u017ceniem zgody na ich wykorzystywanie.<\/p>\n<p>Ciasteczka \u2013 (ang. cookies) \u2013 niewielkie informacje tekstowe, wysy\u0142ane przez serwer WWW i zapisywane po stronie u\u017cytkownika (zazwyczaj na twardym dysku). Ciasteczka s\u0105 stosowane najcz\u0119\u015bciej w przypadku licznik\u00f3w, sond, sklep\u00f3w internetowych, stron wymagaj\u0105cych logowania, oraz do monitorowania aktywno\u015bci odwiedzaj\u0105cych.<\/p>\n<p>W \u017caden spos\u00f3b nie niszcz\u0105 systemu operacyjnego zainstalowanego w komputerze, ani nie wp\u0142ywaj\u0105 na jego dzia\u0142anie.<\/p>\n<p>Cookies dla Portalumajdankrolewski.eu s\u0105 wykorzystywane np. na forum, lub przy logowaniu, gdzie tymczasowo zapami\u0119tywane s\u0105 dane wpisane przez Ciebie we formularzu, (imi\u0119, e-mail,) tak by\u015b nast\u0119pnej okazji nie musia\u0142 wype\u0142nia\u0107 go od pocz\u0105tku.<\/p>\n<p>Jak wy\u0142\u0105czy\u0107 obs\u0142ug\u0119 cookies<\/p>\n<p>Je\u017celi uwa\u017casz, \u017ce obecno\u015b\u0107 plik\u00f3w cookie narusza Twoj\u0105 prywatno\u015b\u0107, mo\u017cesz w ka\u017cdej chwili je wy\u0142\u0105czy\u0107 albo dla konkretnej witryny albo w og\u00f3le dla wszystkich po\u0142\u0105cze\u0144 z Twojej przegl\u0105darki.<\/p>\n<p>W przegl\u0105darce Mozilla Firefox<\/p>\n<p>W menu \u201cNarz\u0119dzia\u201d wybierz \u201cOpcje\u201d i w nich zak\u0142adk\u0119 \u201cPrywatno\u015b\u0107\u201d.<\/p>\n<p>Przegl\u0105darka daje Ci mo\u017cliwo\u015b\u0107 zaznaczenia, \u017ce nie chcesz by\u0107 \u015bledzony w og\u00f3le albo usuni\u0119cia pojedynczych ciasteczek poszczeg\u00f3lnych witryn.<\/p>\n<p>W przegl\u0105darce Microsoft Internet Explorer<\/p>\n<p>W menu \u201cNarz\u0119dzia\u201d wybierz \u201cOpcje internetowe\u201d i w nich zak\u0142adk\u0119 \u201cPrywatno\u015b\u0107\u201d. Specjalnym suwakiem mo\u017cesz regulowa\u0107 og\u00f3lny poziom prywatno\u015bci albo przyciskiem \u201cWitryny\u201d zarz\u0105dza\u0107 ustawieniami poszczeg\u00f3lnych serwis\u00f3w internetowych.<\/p>\n<p>W przegl\u0105darce Google Chrome<\/p>\n<p>W menu ukrytym pod trzema poziomymi kreseczkami w prawym g\u00f3rnym rogu przegl\u0105darki wybierz \u201cNarz\u0119dzia\u201d a potem \u201cWyczy\u015b\u0107 dane przegl\u0105dania\u2026\u201d. Opr\u00f3cz mo\u017cliwo\u015bci czyszczenia plik\u00f3w cookie, znajduje si\u0119 tam link \u201cWi\u0119cej informacji\u201d, kt\u00f3ry prowadzi do szczeg\u00f3\u0142owego opisu funkcji prywatno\u015bci przegl\u0105darki.<\/p>\n<p>W przegl\u0105darce Opera<\/p>\n<p>Przyciskiem \u201cOpera\u201d w lewym g\u00f3rnym rogu otw\u00f3rz menu i wybierz w nim \u201cUstawienia\u201d i dalej \u201cWyczy\u015b\u0107 histori\u0119 przegl\u0105dania\u2026\u201d. Opr\u00f3cz mo\u017cliwo\u015bci skasowania ju\u017c ustawionych plik\u00f3w cookie, jest tam te\u017c przycisk \u201cZarz\u0105dzaj ciasteczkami\u2026\u201d prowadz\u0105cy do bardziej zaawansowanych opcji dla poszczeg\u00f3lnych witryn.<\/p>\n<p>W przegl\u0105darce Apple Safari<\/p>\n<p>W menu \u201cSafari\u201d wybierz \u201cPreferencje\u201d i w nich zak\u0142adk\u0119 \u201cPrywatno\u015b\u0107\u201d. Znajdziesz w niej liczne opcje dotycz\u0105ce plik\u00f3w cookie.<\/p>\n","protected":false},"excerpt":{"rendered":"<p>Warunki u\u017cytkowania serwisu \u00a9 Copyright Strony internetowe Portalu majdankrolewski.eu zawieraj\u0105 dokumenty chronione prawem autorskim jak r\u00f3wnie\u017c inne materia\u0142y b\u0119d\u0105ce pod ochron\u0105 praw autorskich. Portal wszelkich stara\u0144 aby informacje ukazuj\u0105ce si\u0119 w by\u0142y rzetelne i zgodne z prawd\u0105. W \u017cadnym przypadku\u00a0Portal nie b\u0119dzie odpowiada\u0142 za jakiekolwiek straty zwi\u0105zane z utrat\u0105 lub uszkodzeniem danych, sprz\u0119tu lub innych [&hellip;]<\/p>\n","protected":false},"author":20,"featured_media":0,"parent":0,"menu_order":0,"comment_status":"open","ping_status":"open","template":"","meta":{"footnotes":""},"class_list":["post-12469","page","type-page","status-publish","hentry"],"_links":{"self":[{"href":"https:\/\/www.majdankrolewski.eu\/index.php\/wp-json\/wp\/v2\/pages\/12469","targetHints":{"allow":["GET"]}}],"collection":[{"href":"https:\/\/www.majdankrolewski.eu\/index.php\/wp-json\/wp\/v2\/pages"}],"about":[{"href":"https:\/\/www.majdankrolewski.eu\/index.php\/wp-json\/wp\/v2\/types\/page"}],"author":[{"embeddable":true,"href":"https:\/\/www.majdankrolewski.eu\/index.php\/wp-json\/wp\/v2\/users\/20"}],"replies":[{"embeddable":true,"href":"https:\/\/www.majdankrolewski.eu\/index.php\/wp-json\/wp\/v2\/comments?post=12469"}],"version-history":[{"count":5,"href":"https:\/\/www.majdankrolewski.eu\/index.php\/wp-json\/wp\/v2\/pages\/12469\/revisions"}],"predecessor-version":[{"id":15015,"href":"https:\/\/www.majdankrolewski.eu\/index.php\/wp-json\/wp\/v2\/pages\/12469\/revisions\/15015"}],"wp:attachment":[{"href":"https:\/\/www.majdankrolewski.eu\/index.php\/wp-json\/wp\/v2\/media?parent=12469"}],"curies":[{"name":"wp","href":"https:\/\/api.w.org\/{rel}","templated":true}]}}